{"id":59825,"date":"2024-12-13T11:54:01","date_gmt":"2024-12-13T10:54:01","guid":{"rendered":"https:\/\/www.powermints.de\/?post_type=product&#038;p=59825"},"modified":"2026-01-03T11:59:48","modified_gmt":"2026-01-03T10:59:48","slug":"compass-retro-spearmint","status":"publish","type":"product","link":"https:\/\/www.compass-mints.com\/en\/produkt\/compass-retro-spearmint\/","title":{"rendered":"Compass RETRO &#8211; Spearmint"},"content":{"rendered":"<p><strong>Compass Mints RETRO <\/strong><strong>Atemerfrischungspastillen &#8211; Spearmint<\/strong><\/p>\n<table>\n<tbody>\n<tr>\n<td colspan=\"2\" width=\"353\"><strong>Inhaltsstoffe:<\/strong><\/td>\n<\/tr>\n<tr>\n<td colspan=\"2\" width=\"353\">S\u00fc\u00dfungsmittel (Sorbit, Xylit, Sucralose),\u00a0 Trennmittel (Magnesiumsalze der Speisefetts\u00e4uren), Spearmint\u00f6l, Spearmintaroma, Eisaroma, Menthol.<\/p>\n<p>&nbsp;<\/td>\n<\/tr>\n<tr>\n<td width=\"155\"><strong>Durchschnittliche N\u00e4hrwerte per 100g<\/strong><\/td>\n<td width=\"198\"><\/td>\n<\/tr>\n<tr>\n<td width=\"155\">Energie<\/td>\n<td width=\"198\">1019 kJ \/ 243 kcal<\/td>\n<\/tr>\n<tr>\n<td width=\"155\">Fett<\/td>\n<td width=\"198\">1,2 g<\/td>\n<\/tr>\n<tr>\n<td width=\"155\">davon ges\u00e4ttigte Fetts\u00e4uren<\/td>\n<td width=\"198\">1,2 g<\/td>\n<\/tr>\n<tr>\n<td width=\"155\">Kohlenhydrate<\/td>\n<td width=\"198\">98 g<\/td>\n<\/tr>\n<tr>\n<td width=\"155\">davon Zucker<\/td>\n<td width=\"198\">0 g<\/td>\n<\/tr>\n<tr>\n<td width=\"155\">Eiwei\u00df<\/td>\n<td width=\"198\">0 g<\/td>\n<\/tr>\n<tr>\n<td width=\"155\">Salz<\/td>\n<td width=\"198\">0,1 g<\/td>\n<\/tr>\n<\/tbody>\n<\/table>\n<ul>\n<li><strong>zuckerfrei mit S\u00fc\u00dfungsmitteln<\/strong><\/li>\n<li><strong>Aspartamfrei<\/strong><\/li>\n<li><strong>Acesulfame K frei<\/strong><\/li>\n<li><strong>glutenfrei und laktosefrei<\/strong><\/li>\n<li><strong>100% naturreine \u00e4therische \u00d6le<\/strong><\/li>\n<li><strong>f\u00fcr Vegetarier geeignet<\/strong><\/li>\n<li><strong><strong>nur 1 Kalorie pro Pastille<\/strong><\/strong><\/li>\n<li>Kann bei \u00fcberm\u00e4\u00dfigem Verzehr abf\u00fchrend wirken<\/li>\n<li>K\u00fchl und trocken lagern.<\/li>\n<li>Hergestellt in Deutschland<\/li>\n<li>Artikelnummer: 004971020<\/li>\n<\/ul>\n","protected":false},"excerpt":{"rendered":"<p>Compass Mints RETRO Atemerfrischungspastillen &#8211; Spearmint Inhaltsstoffe: S\u00fc\u00dfungsmittel (Sorbit, Xylit, Sucralose),\u00a0 Trennmittel (Magnesiumsalze der Speisefetts\u00e4uren), Spearmint\u00f6l, Spearmintaroma, Eisaroma, Menthol. &nbsp; Durchschnittliche N\u00e4hrwerte per 100g Energie 1019 kJ \/ 243 kcal&#8230;<\/p>\n","protected":false},"featured_media":59829,"template":"","meta":[],"product_cat":[52,472],"product_tag":[],"class_list":{"0":"post-59825","1":"product","2":"type-product","3":"status-publish","4":"has-post-thumbnail","6":"product_cat-compass","7":"product_cat-retro","8":"product_shipping_class-mints","10":"first","11":"instock","12":"shipping-taxable","13":"purchasable","14":"product-type-simple"},"jetpack_sharing_enabled":true,"_links":{"self":[{"href":"https:\/\/www.compass-mints.com\/en\/wp-json\/wp\/v2\/product\/59825","targetHints":{"allow":["GET"]}}],"collection":[{"href":"https:\/\/www.compass-mints.com\/en\/wp-json\/wp\/v2\/product"}],"about":[{"href":"https:\/\/www.compass-mints.com\/en\/wp-json\/wp\/v2\/types\/product"}],"wp:featuredmedia":[{"embeddable":true,"href":"https:\/\/www.compass-mints.com\/en\/wp-json\/wp\/v2\/media\/59829"}],"wp:attachment":[{"href":"https:\/\/www.compass-mints.com\/en\/wp-json\/wp\/v2\/media?parent=59825"}],"wp:term":[{"taxonomy":"product_cat","embeddable":true,"href":"https:\/\/www.compass-mints.com\/en\/wp-json\/wp\/v2\/product_cat?post=59825"},{"taxonomy":"product_tag","embeddable":true,"href":"https:\/\/www.compass-mints.com\/en\/wp-json\/wp\/v2\/product_tag?post=59825"}],"curies":[{"name":"wp","href":"https:\/\/api.w.org\/{rel}","templated":true}]}}