{"id":57635,"date":"2022-05-24T14:31:32","date_gmt":"2022-05-24T13:31:32","guid":{"rendered":"https:\/\/www.powermints.de\/?post_type=product&#038;p=57635"},"modified":"2026-01-03T12:00:56","modified_gmt":"2026-01-03T11:00:56","slug":"compass-peach-12xdisplay","status":"publish","type":"product","link":"https:\/\/www.compass-mints.com\/en\/produkt\/compass-peach-12xdisplay\/","title":{"rendered":"Compass &#8211; Peach 12er Display"},"content":{"rendered":"<p><strong>Compass Mints <\/strong><strong>Atemerfrischungspastillen &#8211; Peach 12er Display<\/strong><\/p>\n<p>12 Dosen \u00e1 14g im Display<\/p>\n<table>\n<tbody>\n<tr>\n<td colspan=\"2\" width=\"353\"><\/td>\n<\/tr>\n<tr>\n<td colspan=\"2\" width=\"353\">S\u00fc\u00dfungsmittel (Sorbit, Xylit, Sucralose),\u00a0 S\u00e4uerungsmittel\u00a0 (\u00c4pfels\u00e4ure), Trennmittel (Magnesiumsalze der Speisefetts\u00e4uren), Pfirsichpulver (0,3%), Pfirsicharoma, Pfefferminz\u00f6l.<\/td>\n<\/tr>\n<tr>\n<td width=\"148\"><strong>Durchschnittliche N\u00e4hrwerte per 100g<\/strong><\/td>\n<td width=\"205\"><\/td>\n<\/tr>\n<tr>\n<td width=\"148\">Energie<\/td>\n<td width=\"205\">1027 kJ \/ 245 kcal<\/td>\n<\/tr>\n<tr>\n<td width=\"148\">Fett<\/td>\n<td width=\"205\">1,3 g<\/td>\n<\/tr>\n<tr>\n<td width=\"148\">davon ges\u00e4ttigte Fetts\u00e4uren<\/td>\n<td width=\"205\">1,3 g<\/td>\n<\/tr>\n<tr>\n<td width=\"148\">Kohlenhydrate<\/td>\n<td width=\"205\">98 g<\/td>\n<\/tr>\n<tr>\n<td width=\"148\">davon Zucker<\/td>\n<td width=\"205\">0 g<\/td>\n<\/tr>\n<tr>\n<td width=\"148\">Eiwei\u00df<\/td>\n<td width=\"205\">0 g<\/td>\n<\/tr>\n<tr>\n<td width=\"148\">Salz<\/td>\n<td width=\"205\">0,1 g<\/td>\n<\/tr>\n<\/tbody>\n<\/table>\n<p>&nbsp;<\/p>\n<table>\n<tbody>\n<tr>\n<td width=\"127\"><strong>Inhalt:<\/strong><\/td>\n<td width=\"227\">14 g in der Metalldose<\/td>\n<\/tr>\n<tr>\n<td width=\"127\"><strong>Grundpreis:<\/strong><\/td>\n<td width=\"227\">9,21 \u20ac \/ 100 g<\/td>\n<\/tr>\n<tr>\n<td width=\"127\"><strong>Preis:<\/strong><\/td>\n<td width=\"227\">1,29 \u20ac inkl. MwSt. zzgl. Versandkosten<\/td>\n<\/tr>\n<\/tbody>\n<\/table>\n<ul>\n<li><strong>zuckerfrei mit S\u00fc\u00dfungsmitteln<\/strong><\/li>\n<li><strong>Aspartamfrei<\/strong><\/li>\n<li><strong>Acesulfame K frei<\/strong><\/li>\n<li><strong>glutenfrei und laktosefrei<\/strong><\/li>\n<li><strong>100% naturreine \u00e4therische \u00d6le<\/strong><\/li>\n<li><strong>f\u00fcr Vegetarier geeignet<\/strong><\/li>\n<li><strong><strong>nur 1 Kalorie pro Pastille<\/strong><\/strong>&nbsp;<\/li>\n<li>Kann bei \u00fcberm\u00e4\u00dfigem Verzehr abf\u00fchrend wirken<\/li>\n<li>K\u00fchl und trocken lagern.<\/li>\n<li>Hergestellt in Deutschland<\/li>\n<li>Artikelnummer: 004971039<\/li>\n<\/ul>\n","protected":false},"excerpt":{"rendered":"<p>Compass Mints Atemerfrischungspastillen &#8211; Peach 12er Display 12 Dosen \u00e1 14g im Display S\u00fc\u00dfungsmittel (Sorbit, Xylit, Sucralose),\u00a0 S\u00e4uerungsmittel\u00a0 (\u00c4pfels\u00e4ure), Trennmittel (Magnesiumsalze der Speisefetts\u00e4uren), Pfirsichpulver (0,3%), Pfirsicharoma, Pfefferminz\u00f6l. Durchschnittliche N\u00e4hrwerte per&#8230;<\/p>\n","protected":false},"featured_media":59348,"template":"","meta":[],"product_cat":[52,469],"product_tag":[],"class_list":{"0":"post-57635","1":"product","2":"type-product","3":"status-publish","4":"has-post-thumbnail","6":"product_cat-compass","7":"product_cat-display","8":"product_shipping_class-mints","10":"first","11":"instock","12":"shipping-taxable","13":"purchasable","14":"product-type-simple"},"jetpack_sharing_enabled":true,"_links":{"self":[{"href":"https:\/\/www.compass-mints.com\/en\/wp-json\/wp\/v2\/product\/57635","targetHints":{"allow":["GET"]}}],"collection":[{"href":"https:\/\/www.compass-mints.com\/en\/wp-json\/wp\/v2\/product"}],"about":[{"href":"https:\/\/www.compass-mints.com\/en\/wp-json\/wp\/v2\/types\/product"}],"wp:featuredmedia":[{"embeddable":true,"href":"https:\/\/www.compass-mints.com\/en\/wp-json\/wp\/v2\/media\/59348"}],"wp:attachment":[{"href":"https:\/\/www.compass-mints.com\/en\/wp-json\/wp\/v2\/media?parent=57635"}],"wp:term":[{"taxonomy":"product_cat","embeddable":true,"href":"https:\/\/www.compass-mints.com\/en\/wp-json\/wp\/v2\/product_cat?post=57635"},{"taxonomy":"product_tag","embeddable":true,"href":"https:\/\/www.compass-mints.com\/en\/wp-json\/wp\/v2\/product_tag?post=57635"}],"curies":[{"name":"wp","href":"https:\/\/api.w.org\/{rel}","templated":true}]}}