{"id":1528,"date":"2024-12-15T17:25:48","date_gmt":"2024-12-15T16:25:48","guid":{"rendered":"https:\/\/shop.powermints.de\/?post_type=product&#038;p=1528"},"modified":"2025-11-25T12:45:11","modified_gmt":"2025-11-25T11:45:11","slug":"compass-geschenkbox-tropical","status":"publish","type":"product","link":"https:\/\/www.compass-mints.com\/en\/produkt\/compass-geschenkbox-tropical\/","title":{"rendered":"Compass Geschenkbox TROPICAL"},"content":{"rendered":"<p><strong>Compass Mints \u2013 Frische Quartett<br \/>\n<\/strong><strong>Atemerfrischungspastillen Wildberry, Peach, Mango, Matcha<\/strong><\/p>\n<table>\n<tbody>\n<tr>\n<td colspan=\"2\" width=\"614\"><strong>Inhaltsstoffe:<\/strong><\/td>\n<\/tr>\n<tr>\n<td colspan=\"2\" width=\"614\"><strong>Wildberry<\/strong><\/p>\n<p>S\u00fc\u00dfungsmittel (Sorbit, Xylit, Sucralose),\u00a0 S\u00e4uerungsmittel ( Zitronens\u00e4ure, \u00c4pfels\u00e4ure), Trennmittel (Magnesiumsalze der Speisefetts\u00e4uren), getrocknete Himbeeren und Brombeeren (0,3%), Waldbeerenaroma, Menthol .<\/td>\n<\/tr>\n<tr>\n<td width=\"187\"><strong>Durchschnittliche N\u00e4hrwerte per 100g<\/strong><\/td>\n<td width=\"427\"><\/td>\n<\/tr>\n<tr>\n<td width=\"187\">Energie<\/td>\n<td width=\"427\">1027 kJ \/ 245 kcal<\/td>\n<\/tr>\n<tr>\n<td width=\"187\">Fett<\/td>\n<td width=\"427\">1,2 g<\/td>\n<\/tr>\n<tr>\n<td width=\"187\">davon ges\u00e4ttigte Fetts\u00e4uren<\/td>\n<td width=\"427\">1,2 g<\/td>\n<\/tr>\n<tr>\n<td width=\"187\">Kohlenhydrate<\/td>\n<td width=\"427\">98 g<\/td>\n<\/tr>\n<tr>\n<td width=\"187\">davon Zucker<\/td>\n<td width=\"427\">0 g<\/td>\n<\/tr>\n<tr>\n<td width=\"187\">Eiwei\u00df<\/td>\n<td width=\"427\">0 g<\/td>\n<\/tr>\n<tr>\n<td width=\"187\">Salz<\/td>\n<td width=\"427\">0,1 g<\/td>\n<\/tr>\n<tr>\n<td colspan=\"2\" width=\"614\"><strong>Peach<\/strong><\/p>\n<p>S\u00fc\u00dfungsmittel (Sorbit, Xylit, Sucralose),\u00a0 Minz\u00f6l, Peacharoma, Menthol, Trennmittel (Magnesiumsalze der Speisefetts\u00e4uren).<\/td>\n<\/tr>\n<tr>\n<td width=\"187\"><strong>Durchschnittliche N\u00e4hrwerte per 100g<\/strong><\/td>\n<td width=\"427\"><\/td>\n<\/tr>\n<tr>\n<td width=\"187\">Energie<\/td>\n<td width=\"427\">1011 kJ \/ 241 kcal<\/td>\n<\/tr>\n<tr>\n<td width=\"187\">Fett<\/td>\n<td width=\"427\">1,1 g<\/td>\n<\/tr>\n<tr>\n<td width=\"187\">davon ges\u00e4ttigte Fetts\u00e4uren<\/td>\n<td width=\"427\">1,1 g<\/td>\n<\/tr>\n<tr>\n<td width=\"187\">Kohlenhydrate<\/td>\n<td width=\"427\">97 g<\/td>\n<\/tr>\n<tr>\n<td width=\"187\">davon Zucker<\/td>\n<td width=\"427\">0 g<\/td>\n<\/tr>\n<tr>\n<td width=\"187\">Eiwei\u00df<\/td>\n<td width=\"427\">0 g<\/td>\n<\/tr>\n<tr>\n<td width=\"187\">Salz<\/td>\n<td width=\"427\">0,1 g<\/td>\n<\/tr>\n<tr>\n<td colspan=\"2\" width=\"614\"><strong>Mango<\/strong><\/p>\n<p>S\u00fc\u00dfungsmittel (Sorbit, Xylit, Sucralose),\u00a0 S\u00e4uerungsmittel ( \u00c4pfels\u00e4ure), Trennmittel (Magnesiumsalze der Speisefetts\u00e4uren), getrocknetes Mangokonzentrat (0,25%), Mango, Minz\u00f6l, Menthol .<\/td>\n<\/tr>\n<tr>\n<td width=\"187\"><strong>Durchschnittliche N\u00e4hrwerte per 100g<\/strong><\/td>\n<td width=\"427\"><\/td>\n<\/tr>\n<tr>\n<td width=\"187\">Energie<\/td>\n<td width=\"427\">1027 kJ \/ 245 kcal<\/td>\n<\/tr>\n<tr>\n<td width=\"187\">Fett<\/td>\n<td width=\"427\">1,3 g<\/td>\n<\/tr>\n<tr>\n<td width=\"187\">davon ges\u00e4ttigte Fetts\u00e4uren<\/td>\n<td width=\"427\">1,3 g<\/td>\n<\/tr>\n<tr>\n<td width=\"187\">Kohlenhydrate<\/td>\n<td width=\"427\">98 g<\/td>\n<\/tr>\n<tr>\n<td width=\"187\">davon Zucker<\/td>\n<td width=\"427\">0 g<\/td>\n<\/tr>\n<tr>\n<td width=\"187\">Eiwei\u00df<\/td>\n<td width=\"427\">0 g<\/td>\n<\/tr>\n<tr>\n<td width=\"187\">Salz<\/td>\n<td width=\"427\">0,1 g<\/td>\n<\/tr>\n<tr>\n<td colspan=\"2\" width=\"614\"><strong>Matcha<\/strong><\/p>\n<p>S\u00fc\u00dfungsmittel (Sorbit, Xylit, Sucralose),\u00a0 Pfefferminz\u00f6l, Menthol, Trennmittel (Magnesiumsalze der Speisefetts\u00e4uren).<\/td>\n<\/tr>\n<tr>\n<td width=\"187\"><strong>Durchschnittliche N\u00e4hrwerte per 100g<\/strong><\/td>\n<td width=\"427\"><\/td>\n<\/tr>\n<tr>\n<td width=\"187\">Energie<\/td>\n<td width=\"427\">1023 kJ \/ 244 kcal<\/td>\n<\/tr>\n<tr>\n<td width=\"187\">Fett<\/td>\n<td width=\"427\">1,1 g<\/td>\n<\/tr>\n<tr>\n<td width=\"187\">davon ges\u00e4ttigte Fetts\u00e4uren<\/td>\n<td width=\"427\">1,1 g<\/td>\n<\/tr>\n<tr>\n<td width=\"187\">Kohlenhydrate<\/td>\n<td width=\"427\">98 g<\/td>\n<\/tr>\n<tr>\n<td width=\"187\">davon Zucker<\/td>\n<td width=\"427\">0 g<\/td>\n<\/tr>\n<tr>\n<td width=\"187\">Eiwei\u00df<\/td>\n<td width=\"427\">0 g<\/td>\n<\/tr>\n<tr>\n<td width=\"187\">Salz<\/td>\n<td width=\"427\">0,1 g<\/td>\n<\/tr>\n<tr>\n<td colspan=\"2\" width=\"614\"><\/td>\n<\/tr>\n<tr>\n<td width=\"187\"><\/td>\n<td width=\"427\"><\/td>\n<\/tr>\n<tr>\n<td width=\"187\"><strong>Inhalt:<\/strong><\/td>\n<td width=\"427\">4 x 14 g \u00a0in der Geschenkdose<\/td>\n<\/tr>\n<tr>\n<td width=\"187\"><strong>Grundpreis:<\/strong><\/td>\n<td width=\"427\">10,69 \u20ac \/ 100 g<\/td>\n<\/tr>\n<tr>\n<td width=\"187\"><strong>Preis:<\/strong><\/td>\n<td width=\"427\">7,99 \u20ac inkl. MwSt. zzgl. Versandkosten<\/p>\n<p>&nbsp;<\/td>\n<\/tr>\n<\/tbody>\n<\/table>\n<ul>\n<li><strong>zuckerfrei mit S\u00fc\u00dfungsmitteln<\/strong><\/li>\n<li><strong>Aspartamfrei<\/strong><\/li>\n<li><strong>Acesulfame K frei<\/strong><\/li>\n<li><strong>glutenfrei und laktosefrei<\/strong><\/li>\n<li><strong>100% naturreine \u00e4therische \u00d6le<\/strong><\/li>\n<li><strong>f\u00fcr Vegetarier geeignet <\/strong><\/li>\n<li><strong>nur 1 Kalorie pro Pastille<\/strong><\/li>\n<\/ul>\n<p>Geschenkdose mit 4 leckeren Compass Geschmacksrichtungen gef\u00fcllt.<\/p>\n<ul>\n<li>KANN BEI \u00dcBERM\u00c4SSIGEM VERZEHR ABF\u00dcHREND WIRKEN.<\/li>\n<li>K\u00fchl und trocken lagern.<\/li>\n<li>Hergestellt in Deutschland<\/li>\n<li>Artikelnummer: 004970102<\/li>\n<\/ul>\n","protected":false},"excerpt":{"rendered":"<p>Compass Mints \u2013 Frische Quartett Atemerfrischungspastillen Wildberry, Peach, Mango, Matcha Inhaltsstoffe: Wildberry S\u00fc\u00dfungsmittel (Sorbit, Xylit, Sucralose),\u00a0 S\u00e4uerungsmittel ( Zitronens\u00e4ure, \u00c4pfels\u00e4ure), Trennmittel (Magnesiumsalze der Speisefetts\u00e4uren), getrocknete Himbeeren und Brombeeren (0,3%), Waldbeerenaroma,&#8230;<\/p>\n","protected":false},"featured_media":60622,"template":"","meta":[],"product_cat":[52],"product_tag":[],"class_list":{"0":"post-1528","1":"product","2":"type-product","3":"status-publish","4":"has-post-thumbnail","6":"product_cat-compass","7":"product_shipping_class-mints","9":"first","10":"instock","11":"sale","12":"shipping-taxable","13":"purchasable","14":"product-type-simple"},"jetpack_sharing_enabled":true,"_links":{"self":[{"href":"https:\/\/www.compass-mints.com\/en\/wp-json\/wp\/v2\/product\/1528","targetHints":{"allow":["GET"]}}],"collection":[{"href":"https:\/\/www.compass-mints.com\/en\/wp-json\/wp\/v2\/product"}],"about":[{"href":"https:\/\/www.compass-mints.com\/en\/wp-json\/wp\/v2\/types\/product"}],"wp:featuredmedia":[{"embeddable":true,"href":"https:\/\/www.compass-mints.com\/en\/wp-json\/wp\/v2\/media\/60622"}],"wp:attachment":[{"href":"https:\/\/www.compass-mints.com\/en\/wp-json\/wp\/v2\/media?parent=1528"}],"wp:term":[{"taxonomy":"product_cat","embeddable":true,"href":"https:\/\/www.compass-mints.com\/en\/wp-json\/wp\/v2\/product_cat?post=1528"},{"taxonomy":"product_tag","embeddable":true,"href":"https:\/\/www.compass-mints.com\/en\/wp-json\/wp\/v2\/product_tag?post=1528"}],"curies":[{"name":"wp","href":"https:\/\/api.w.org\/{rel}","templated":true}]}}