{"id":57638,"date":"2022-05-24T14:31:38","date_gmt":"2022-05-24T13:31:38","guid":{"rendered":"https:\/\/www.powermints.de\/?post_type=product&#038;p=57638"},"modified":"2026-01-03T12:00:50","modified_gmt":"2026-01-03T11:00:50","slug":"compass-spearmint-ice-12xdisplay","status":"publish","type":"product","link":"https:\/\/www.compass-mints.com\/de\/produkt\/compass-spearmint-ice-12xdisplay\/","title":{"rendered":"Compass &#8211; Spearmint 12er Display"},"content":{"rendered":"<p><strong>Compass Mints <\/strong><strong>Atemerfrischungspastillen &#8211; Spearmin 12er Display<\/strong><\/p>\n<p>12 Dosen \u00e1 14g im Display<\/p>\n<table>\n<tbody>\n<tr>\n<td colspan=\"2\" width=\"353\"><strong>Inhaltsstoffe:<\/strong><\/td>\n<\/tr>\n<tr>\n<td colspan=\"2\" width=\"353\">S\u00fc\u00dfungsmittel (Sorbit, Xylit, Sucralose),\u00a0 Trennmittel (Magnesiumsalze der Speisefetts\u00e4uren), Spearmint\u00f6l, Spearmintaroma, Eisaroma, Menthol.<\/p>\n<p>&nbsp;<\/td>\n<\/tr>\n<tr>\n<td width=\"155\"><strong>Durchschnittliche N\u00e4hrwerte per 100g<\/strong><\/td>\n<td width=\"198\"><\/td>\n<\/tr>\n<tr>\n<td width=\"155\">Energie<\/td>\n<td width=\"198\">1019 kJ \/ 243 kcal<\/td>\n<\/tr>\n<tr>\n<td width=\"155\">Fett<\/td>\n<td width=\"198\">1,2 g<\/td>\n<\/tr>\n<tr>\n<td width=\"155\">davon ges\u00e4ttigte Fetts\u00e4uren<\/td>\n<td width=\"198\">1,2 g<\/td>\n<\/tr>\n<tr>\n<td width=\"155\">Kohlenhydrate<\/td>\n<td width=\"198\">98 g<\/td>\n<\/tr>\n<tr>\n<td width=\"155\">davon Zucker<\/td>\n<td width=\"198\">0 g<\/td>\n<\/tr>\n<tr>\n<td width=\"155\">Eiwei\u00df<\/td>\n<td width=\"198\">0 g<\/td>\n<\/tr>\n<tr>\n<td width=\"155\">Salz<\/td>\n<td width=\"198\">0,1 g<\/td>\n<\/tr>\n<\/tbody>\n<\/table>\n<ul>\n<li><strong>zuckerfrei mit S\u00fc\u00dfungsmitteln<\/strong><\/li>\n<li><strong>Aspartamfrei<\/strong><\/li>\n<li><strong>Acesulfame K frei<\/strong><\/li>\n<li><strong>glutenfrei und laktosefrei<\/strong><\/li>\n<li><strong>100% naturreine \u00e4therische \u00d6le<\/strong><\/li>\n<li><strong>f\u00fcr Vegetarier geeignet<\/strong><\/li>\n<li><strong><strong>nur 1 Kalorie pro Pastille<\/strong><\/strong>&nbsp;<\/li>\n<li>Kann bei \u00fcberm\u00e4\u00dfigem Verzehr abf\u00fchrend wirken<\/li>\n<li>K\u00fchl und trocken lagern.<\/li>\n<li>Hergestellt in Deutschland<\/li>\n<li>Artikelnummer: 004971020<\/li>\n<\/ul>\n","protected":false},"excerpt":{"rendered":"<p>Compass Mints Atemerfrischungspastillen &#8211; Spearmin 12er Display 12 Dosen \u00e1 14g im Display Inhaltsstoffe: S\u00fc\u00dfungsmittel (Sorbit, Xylit, Sucralose),\u00a0 Trennmittel (Magnesiumsalze der Speisefetts\u00e4uren), Spearmint\u00f6l, Spearmintaroma, Eisaroma, Menthol. &nbsp; Durchschnittliche N\u00e4hrwerte per&#8230;<\/p>\n","protected":false},"featured_media":59340,"template":"","meta":[],"product_cat":[52,469],"product_tag":[],"class_list":{"0":"post-57638","1":"product","2":"type-product","3":"status-publish","4":"has-post-thumbnail","6":"product_cat-compass","7":"product_cat-display","8":"product_shipping_class-mints","10":"first","11":"instock","12":"shipping-taxable","13":"purchasable","14":"product-type-simple"},"jetpack_sharing_enabled":true,"_links":{"self":[{"href":"https:\/\/www.compass-mints.com\/de\/wp-json\/wp\/v2\/product\/57638","targetHints":{"allow":["GET"]}}],"collection":[{"href":"https:\/\/www.compass-mints.com\/de\/wp-json\/wp\/v2\/product"}],"about":[{"href":"https:\/\/www.compass-mints.com\/de\/wp-json\/wp\/v2\/types\/product"}],"wp:featuredmedia":[{"embeddable":true,"href":"https:\/\/www.compass-mints.com\/de\/wp-json\/wp\/v2\/media\/59340"}],"wp:attachment":[{"href":"https:\/\/www.compass-mints.com\/de\/wp-json\/wp\/v2\/media?parent=57638"}],"wp:term":[{"taxonomy":"product_cat","embeddable":true,"href":"https:\/\/www.compass-mints.com\/de\/wp-json\/wp\/v2\/product_cat?post=57638"},{"taxonomy":"product_tag","embeddable":true,"href":"https:\/\/www.compass-mints.com\/de\/wp-json\/wp\/v2\/product_tag?post=57638"}],"curies":[{"name":"wp","href":"https:\/\/api.w.org\/{rel}","templated":true}]}}