{"id":14712,"date":"2021-02-25T16:14:53","date_gmt":"2021-02-25T15:14:53","guid":{"rendered":"https:\/\/shop.powermints.de\/?post_type=product&#038;p=14712"},"modified":"2024-12-16T11:19:12","modified_gmt":"2024-12-16T10:19:12","slug":"neu-pocketbox-echte-kruegerol-halsbonbons-original","status":"publish","type":"product","link":"https:\/\/www.compass-mints.com\/de\/produkt\/neu-pocketbox-echte-kruegerol-halsbonbons-original\/","title":{"rendered":"Kr\u00fcgerol Halsbonbons &#8211; ORIGINAL"},"content":{"rendered":"<table>\n<tbody>\n<tr>\n<td colspan=\"2\" width=\"353\"><strong>Inhaltsstoffe:<\/strong><\/td>\n<\/tr>\n<tr>\n<td colspan=\"2\" width=\"353\">Zucker; Glukosesirup; S\u00e4uerungsmittel: Citronens\u00e4ure; nat\u00fcrliches Birnenaroma; Menthol; \u00d6le (Pfefferminze, Salbei, Latschenkiefer, Thymian, Kampfer, Anis).<\/p>\n<p>&nbsp;<\/td>\n<\/tr>\n<tr>\n<td width=\"148\"><strong>Durchschnittliche N\u00e4hrwerte per 100g<\/strong><\/td>\n<td width=\"205\"><\/td>\n<\/tr>\n<tr>\n<td width=\"148\">Energie<\/td>\n<td width=\"205\">1651 kJ \/ 391 kcal<\/td>\n<\/tr>\n<tr>\n<td width=\"148\">Fett<\/td>\n<td width=\"205\">0 g<\/td>\n<\/tr>\n<tr>\n<td width=\"148\">davon ges\u00e4ttigte Fetts\u00e4uren<\/td>\n<td width=\"205\">0 g<\/td>\n<\/tr>\n<tr>\n<td width=\"148\">Kohlenhydrate<\/td>\n<td width=\"205\">97 g<\/td>\n<\/tr>\n<tr>\n<td width=\"148\">davon Zucker<\/td>\n<td width=\"205\">68 g<\/td>\n<\/tr>\n<tr>\n<td width=\"148\">Eiwei\u00df<\/td>\n<td width=\"205\">0 g<\/td>\n<\/tr>\n<tr>\n<td width=\"148\">Salz<\/td>\n<td width=\"205\">0,01 g<\/td>\n<\/tr>\n<\/tbody>\n<\/table>\n","protected":false},"excerpt":{"rendered":"<p>&nbsp;<\/p>\n<p><strong>Frischer und traditioneller Genuss<\/strong><\/p>\n<p>Echte Kr\u00fcgerol Halsbonbons sind dank ihres angenehm frischen und einzigartigen Geschmacks das ganze Jahr \u00fcber beliebt und gesch\u00e4tzt.<\/p>\n<p><strong>TIPP:<\/strong> Wenn es drau\u00dfen kalt wird, einige echte Kr\u00fcgerol Bonbons in hei\u00dfe Milch oder hei\u00dfen Tee geben, gut umr\u00fchren und genie\u00dfen.<\/p>\n<p>&nbsp;<\/p>\n<p>Bitte beachten Sie die Bedeutung einer abwechslungsreichen und ausgewogenen Ern\u00e4hrung und einer gesunden Lebensweise.<\/p>\n<p>Lichtgesch\u00fctzt und k\u00fchl lagern. Hergestellt in Deutschland<\/p>\n<p>Verkaufseinheit: 40g Pocketbox<\/p>\n<p>Artikelnummer: 10192003<\/p>\n<p>Weitere Informationen finden Sie unter: www.kruegerol.de<\/p>\n<p>Deklaration: englisch<\/p>\n<p>Drops &#8211; NUR SO LANGE DER VORRAT REICHT!<\/p>\n","protected":false},"featured_media":56885,"template":"","meta":[],"product_cat":[72],"product_tag":[],"class_list":{"0":"post-14712","1":"product","2":"type-product","3":"status-publish","4":"has-post-thumbnail","6":"product_cat-kruegerol","7":"product_shipping_class-mints","9":"first","10":"outofstock","11":"shipping-taxable","12":"purchasable","13":"product-type-simple"},"jetpack_sharing_enabled":true,"_links":{"self":[{"href":"https:\/\/www.compass-mints.com\/de\/wp-json\/wp\/v2\/product\/14712","targetHints":{"allow":["GET"]}}],"collection":[{"href":"https:\/\/www.compass-mints.com\/de\/wp-json\/wp\/v2\/product"}],"about":[{"href":"https:\/\/www.compass-mints.com\/de\/wp-json\/wp\/v2\/types\/product"}],"wp:featuredmedia":[{"embeddable":true,"href":"https:\/\/www.compass-mints.com\/de\/wp-json\/wp\/v2\/media\/56885"}],"wp:attachment":[{"href":"https:\/\/www.compass-mints.com\/de\/wp-json\/wp\/v2\/media?parent=14712"}],"wp:term":[{"taxonomy":"product_cat","embeddable":true,"href":"https:\/\/www.compass-mints.com\/de\/wp-json\/wp\/v2\/product_cat?post=14712"},{"taxonomy":"product_tag","embeddable":true,"href":"https:\/\/www.compass-mints.com\/de\/wp-json\/wp\/v2\/product_tag?post=14712"}],"curies":[{"name":"wp","href":"https:\/\/api.w.org\/{rel}","templated":true}]}}