{"id":1453,"date":"2018-11-14T10:47:07","date_gmt":"2018-11-14T09:47:07","guid":{"rendered":"https:\/\/shop.powermints.de\/?post_type=product&#038;p=1453"},"modified":"2026-01-03T11:59:57","modified_gmt":"2026-01-03T10:59:57","slug":"compass-wildberry","status":"publish","type":"product","link":"https:\/\/www.compass-mints.com\/de\/produkt\/compass-wildberry\/","title":{"rendered":"Compass &#8211; Wildberry"},"content":{"rendered":"<p><strong>Compass Mints <\/strong><strong>Atemerfrischungspastillen &#8211; Wildberry <\/strong><\/p>\n<table>\n<tbody>\n<tr>\n<td colspan=\"2\" width=\"353\"><strong>Inhaltsstoffe:<\/strong><\/td>\n<\/tr>\n<tr>\n<td colspan=\"2\" width=\"353\">S\u00fc\u00dfungsmittel (Sorbit, Xylit, Sucralose),\u00a0 S\u00e4uerungsmittel (Zitronens\u00e4ure, \u00c4pfels\u00e4ure), Trennmittel (Magnesiumsalze der Speisefetts\u00e4uren), getrocknete Himbeeren und Brombeeren (0,3%), Waldbeerenaroma, Menthol.<\/p>\n<p>&nbsp;<\/td>\n<\/tr>\n<tr>\n<td width=\"148\"><strong>Durchschnittliche N\u00e4hrwerte per 100g<\/strong><\/td>\n<td width=\"205\"><\/td>\n<\/tr>\n<tr>\n<td width=\"148\">Energie<\/td>\n<td width=\"205\">1027 kJ \/ 245 kcal<\/td>\n<\/tr>\n<tr>\n<td width=\"148\">Fett<\/td>\n<td width=\"205\">1,2 g<\/td>\n<\/tr>\n<tr>\n<td width=\"148\">davon ges\u00e4ttigte Fetts\u00e4uren<\/td>\n<td width=\"205\">1,2 g<\/td>\n<\/tr>\n<tr>\n<td width=\"148\">Kohlenhydrate<\/td>\n<td width=\"205\">98 g<\/td>\n<\/tr>\n<tr>\n<td width=\"148\">davon Zucker<\/td>\n<td width=\"205\">0 g<\/td>\n<\/tr>\n<tr>\n<td width=\"148\">Eiwei\u00df<\/td>\n<td width=\"205\">0 g<\/td>\n<\/tr>\n<tr>\n<td width=\"148\">Salz<\/td>\n<td width=\"205\">0,1 g<\/td>\n<\/tr>\n<\/tbody>\n<\/table>\n<p>&nbsp;<\/p>\n<table>\n<tbody>\n<tr>\n<td width=\"127\"><strong>Inhalt:<\/strong><\/td>\n<td width=\"227\">14 g \u00a0in der Metalldose<\/td>\n<\/tr>\n<tr>\n<td width=\"127\"><strong>Grundpreis:<\/strong><\/td>\n<td width=\"227\">9,21 \u20ac \/ 100 g<\/td>\n<\/tr>\n<tr>\n<td width=\"127\"><strong>Preis:<\/strong><\/td>\n<td width=\"227\">1,29 \u20ac inkl. MwSt. zzgl. Versandkosten<\/td>\n<\/tr>\n<\/tbody>\n<\/table>\n<ul>\n<li><strong>zuckerfrei mit S\u00fc\u00dfungsmitteln<\/strong><\/li>\n<li><strong>Aspartamfrei<\/strong><\/li>\n<li><strong>Acesulfame K frei<\/strong><\/li>\n<li><strong>glutenfrei und laktosefrei<\/strong><\/li>\n<li><strong>100% naturreine \u00e4therische \u00d6le<\/strong><\/li>\n<li><strong>f\u00fcr Vegetarier geeignet <\/strong><\/li>\n<li><strong>nur 1 Kalorie pro Pastille<\/strong><\/li>\n<li>Kann bei \u00fcberm\u00e4\u00dfigem Verzehr abf\u00fchrend wirken<\/li>\n<li>K\u00fchl und trocken lagern.<\/li>\n<li>Hergestellt in Deutschland<\/li>\n<li>Artikelnummer: 004971034<\/li>\n<\/ul>\n","protected":false},"excerpt":{"rendered":"<p>Compass Mints Atemerfrischungspastillen &#8211; Wildberry Inhaltsstoffe: S\u00fc\u00dfungsmittel (Sorbit, Xylit, Sucralose),\u00a0 S\u00e4uerungsmittel (Zitronens\u00e4ure, \u00c4pfels\u00e4ure), Trennmittel (Magnesiumsalze der Speisefetts\u00e4uren), getrocknete Himbeeren und Brombeeren (0,3%), Waldbeerenaroma, Menthol. &nbsp; Durchschnittliche N\u00e4hrwerte per 100g Energie&#8230;<\/p>\n","protected":false},"featured_media":60604,"template":"","meta":[],"product_cat":[52],"product_tag":[],"class_list":{"0":"post-1453","1":"product","2":"type-product","3":"status-publish","4":"has-post-thumbnail","6":"product_cat-compass","7":"product_shipping_class-mints","9":"first","10":"instock","11":"shipping-taxable","12":"purchasable","13":"product-type-simple"},"jetpack_sharing_enabled":true,"_links":{"self":[{"href":"https:\/\/www.compass-mints.com\/de\/wp-json\/wp\/v2\/product\/1453","targetHints":{"allow":["GET"]}}],"collection":[{"href":"https:\/\/www.compass-mints.com\/de\/wp-json\/wp\/v2\/product"}],"about":[{"href":"https:\/\/www.compass-mints.com\/de\/wp-json\/wp\/v2\/types\/product"}],"wp:featuredmedia":[{"embeddable":true,"href":"https:\/\/www.compass-mints.com\/de\/wp-json\/wp\/v2\/media\/60604"}],"wp:attachment":[{"href":"https:\/\/www.compass-mints.com\/de\/wp-json\/wp\/v2\/media?parent=1453"}],"wp:term":[{"taxonomy":"product_cat","embeddable":true,"href":"https:\/\/www.compass-mints.com\/de\/wp-json\/wp\/v2\/product_cat?post=1453"},{"taxonomy":"product_tag","embeddable":true,"href":"https:\/\/www.compass-mints.com\/de\/wp-json\/wp\/v2\/product_tag?post=1453"}],"curies":[{"name":"wp","href":"https:\/\/api.w.org\/{rel}","templated":true}]}}