{"id":1437,"date":"2018-10-29T16:54:40","date_gmt":"2018-10-29T15:54:40","guid":{"rendered":"https:\/\/shop.power-mints.de\/?post_type=product&#038;p=1437"},"modified":"2026-01-03T12:00:02","modified_gmt":"2026-01-03T11:00:02","slug":"menthol-extra-strong","status":"publish","type":"product","link":"https:\/\/www.compass-mints.com\/de\/produkt\/menthol-extra-strong\/","title":{"rendered":"Compass &#8211; Menthol Extra Strong"},"content":{"rendered":"<p><strong>Compass Mints Atemerfrischungspastillen &#8211; <\/strong><strong>Menthol Extra Strong <\/strong><\/p>\n<table>\n<tbody>\n<tr>\n<td colspan=\"2\" width=\"353\"><strong>Inhaltsstoffe:<\/strong><\/td>\n<\/tr>\n<tr>\n<td colspan=\"2\" width=\"353\">S\u00fc\u00dfungsmittel (Sorbit, Xylit, Sucralose), Minz\u00f6l, Eukalyptus\u00f6l, Menthol, Trennmittel (Magnesiumsalze der Speisefetts\u00e4uren).<\/p>\n<p>&nbsp;<\/td>\n<\/tr>\n<tr>\n<td width=\"148\"><strong>Durchschnittliche N\u00e4hrwerte per 100g<\/strong><\/td>\n<td width=\"205\"><\/td>\n<\/tr>\n<tr>\n<td width=\"148\">Energie<\/td>\n<td width=\"205\">1011 kJ \/ 241 kcal<\/td>\n<\/tr>\n<tr>\n<td width=\"148\">Fett<\/td>\n<td width=\"205\">1,1 g<\/td>\n<\/tr>\n<tr>\n<td width=\"148\">davon ges\u00e4ttigte Fetts\u00e4uren<\/td>\n<td width=\"205\">1,1 g<\/td>\n<\/tr>\n<tr>\n<td width=\"148\">Kohlenhydrate<\/td>\n<td width=\"205\">97 g<\/td>\n<\/tr>\n<tr>\n<td width=\"148\">davon Zucker<\/td>\n<td width=\"205\">0 g<\/td>\n<\/tr>\n<tr>\n<td width=\"148\">Eiwei\u00df<\/td>\n<td width=\"205\">0 g<\/td>\n<\/tr>\n<tr>\n<td width=\"148\">Salz<\/td>\n<td width=\"205\">0,1 g<\/td>\n<\/tr>\n<\/tbody>\n<\/table>\n<ul>\n<li><strong>zuckerfrei mit S\u00fc\u00dfungsmitteln<\/strong><\/li>\n<li><strong>Aspartamfrei<\/strong><\/li>\n<li><strong>Acesulfame K frei<\/strong><\/li>\n<li><strong>glutenfrei und laktosefrei<\/strong><\/li>\n<li><strong>100% naturreine \u00e4therische \u00d6le<\/strong><\/li>\n<li><strong>f\u00fcr Vegetarier geeignet<\/strong><\/li>\n<li><strong><strong>nur 1 Kalorie pro Pastille<\/strong><\/strong><\/li>\n<li>Kann bei \u00fcberm\u00e4\u00dfigem Verzehr abf\u00fchrend wirken<\/li>\n<li>K\u00fchl und trocken lagern. Hergestellt in Deutschland<\/li>\n<li>Artikelnummer: 004970074<\/li>\n<\/ul>\n","protected":false},"excerpt":{"rendered":"<p>Compass Mints Atemerfrischungspastillen &#8211; Menthol Extra Strong Inhaltsstoffe: S\u00fc\u00dfungsmittel (Sorbit, Xylit, Sucralose), Minz\u00f6l, Eukalyptus\u00f6l, Menthol, Trennmittel (Magnesiumsalze der Speisefetts\u00e4uren). &nbsp; Durchschnittliche N\u00e4hrwerte per 100g Energie 1011 kJ \/ 241 kcal&#8230;<\/p>\n","protected":false},"featured_media":60169,"template":"","meta":[],"product_cat":[52],"product_tag":[],"class_list":{"0":"post-1437","1":"product","2":"type-product","3":"status-publish","4":"has-post-thumbnail","6":"product_cat-compass","7":"product_shipping_class-mints","9":"first","10":"instock","11":"shipping-taxable","12":"purchasable","13":"product-type-simple"},"jetpack_sharing_enabled":true,"_links":{"self":[{"href":"https:\/\/www.compass-mints.com\/de\/wp-json\/wp\/v2\/product\/1437","targetHints":{"allow":["GET"]}}],"collection":[{"href":"https:\/\/www.compass-mints.com\/de\/wp-json\/wp\/v2\/product"}],"about":[{"href":"https:\/\/www.compass-mints.com\/de\/wp-json\/wp\/v2\/types\/product"}],"wp:featuredmedia":[{"embeddable":true,"href":"https:\/\/www.compass-mints.com\/de\/wp-json\/wp\/v2\/media\/60169"}],"wp:attachment":[{"href":"https:\/\/www.compass-mints.com\/de\/wp-json\/wp\/v2\/media?parent=1437"}],"wp:term":[{"taxonomy":"product_cat","embeddable":true,"href":"https:\/\/www.compass-mints.com\/de\/wp-json\/wp\/v2\/product_cat?post=1437"},{"taxonomy":"product_tag","embeddable":true,"href":"https:\/\/www.compass-mints.com\/de\/wp-json\/wp\/v2\/product_tag?post=1437"}],"curies":[{"name":"wp","href":"https:\/\/api.w.org\/{rel}","templated":true}]}}