{"id":1264,"date":"2018-08-28T09:01:18","date_gmt":"2018-08-28T08:01:18","guid":{"rendered":"http:\/\/shop.power-mints.de\/?post_type=product&#038;p=1264"},"modified":"2026-01-03T12:00:05","modified_gmt":"2026-01-03T11:00:05","slug":"spear-mint-ice","status":"publish","type":"product","link":"https:\/\/www.compass-mints.com\/de\/produkt\/spear-mint-ice\/","title":{"rendered":"Compass &#8211; Spearmint"},"content":{"rendered":"<p><strong>Compass Mints <\/strong><strong>Atemerfrischungspastillen &#8211; Spearmint<\/strong><\/p>\n<table>\n<tbody>\n<tr>\n<td colspan=\"2\" width=\"353\"><strong>Inhaltsstoffe:<\/strong><\/td>\n<\/tr>\n<tr>\n<td colspan=\"2\" width=\"353\">S\u00fc\u00dfungsmittel (Sorbit, Xylit, Sucralose),\u00a0 Trennmittel (Magnesiumsalze der Speisefetts\u00e4uren), Spearmint\u00f6l, Spearmintaroma, Eisaroma, Menthol.<\/p>\n<p>&nbsp;<\/td>\n<\/tr>\n<tr>\n<td width=\"155\"><strong>Durchschnittliche N\u00e4hrwerte per 100g<\/strong><\/td>\n<td width=\"198\"><\/td>\n<\/tr>\n<tr>\n<td width=\"155\">Energie<\/td>\n<td width=\"198\">1019 kJ \/ 243 kcal<\/td>\n<\/tr>\n<tr>\n<td width=\"155\">Fett<\/td>\n<td width=\"198\">1,2 g<\/td>\n<\/tr>\n<tr>\n<td width=\"155\">davon ges\u00e4ttigte Fetts\u00e4uren<\/td>\n<td width=\"198\">1,2 g<\/td>\n<\/tr>\n<tr>\n<td width=\"155\">Kohlenhydrate<\/td>\n<td width=\"198\">98 g<\/td>\n<\/tr>\n<tr>\n<td width=\"155\">davon Zucker<\/td>\n<td width=\"198\">0 g<\/td>\n<\/tr>\n<tr>\n<td width=\"155\">Eiwei\u00df<\/td>\n<td width=\"198\">0 g<\/td>\n<\/tr>\n<tr>\n<td width=\"155\">Salz<\/td>\n<td width=\"198\">0,1 g<\/td>\n<\/tr>\n<\/tbody>\n<\/table>\n<ul>\n<li><strong>zuckerfrei mit S\u00fc\u00dfungsmitteln<\/strong><\/li>\n<li><strong>Aspartamfrei<\/strong><\/li>\n<li><strong>Acesulfame K frei<\/strong><\/li>\n<li><strong>glutenfrei und laktosefrei<\/strong><\/li>\n<li><strong>100% naturreine \u00e4therische \u00d6le<\/strong><\/li>\n<li><strong>f\u00fcr Vegetarier geeignet<\/strong><\/li>\n<li><strong><strong>nur 1 Kalorie pro Pastille<\/strong><\/strong>&nbsp;<\/li>\n<li>Kann bei \u00fcberm\u00e4\u00dfigem Verzehr abf\u00fchrend wirken<\/li>\n<li>K\u00fchl und trocken lagern.<\/li>\n<li>Hergestellt in Deutschland<\/li>\n<li>Artikelnummer: 004971020<\/li>\n<\/ul>\n","protected":false},"excerpt":{"rendered":"<p>Compass Mints Atemerfrischungspastillen &#8211; Spearmint Inhaltsstoffe: S\u00fc\u00dfungsmittel (Sorbit, Xylit, Sucralose),\u00a0 Trennmittel (Magnesiumsalze der Speisefetts\u00e4uren), Spearmint\u00f6l, Spearmintaroma, Eisaroma, Menthol. &nbsp; Durchschnittliche N\u00e4hrwerte per 100g Energie 1019 kJ \/ 243 kcal Fett&#8230;<\/p>\n","protected":false},"featured_media":60592,"template":"","meta":[],"product_cat":[52],"product_tag":[],"class_list":{"0":"post-1264","1":"product","2":"type-product","3":"status-publish","4":"has-post-thumbnail","6":"product_cat-compass","7":"product_shipping_class-mints","9":"first","10":"instock","11":"shipping-taxable","12":"purchasable","13":"product-type-simple"},"jetpack_sharing_enabled":true,"_links":{"self":[{"href":"https:\/\/www.compass-mints.com\/de\/wp-json\/wp\/v2\/product\/1264","targetHints":{"allow":["GET"]}}],"collection":[{"href":"https:\/\/www.compass-mints.com\/de\/wp-json\/wp\/v2\/product"}],"about":[{"href":"https:\/\/www.compass-mints.com\/de\/wp-json\/wp\/v2\/types\/product"}],"wp:featuredmedia":[{"embeddable":true,"href":"https:\/\/www.compass-mints.com\/de\/wp-json\/wp\/v2\/media\/60592"}],"wp:attachment":[{"href":"https:\/\/www.compass-mints.com\/de\/wp-json\/wp\/v2\/media?parent=1264"}],"wp:term":[{"taxonomy":"product_cat","embeddable":true,"href":"https:\/\/www.compass-mints.com\/de\/wp-json\/wp\/v2\/product_cat?post=1264"},{"taxonomy":"product_tag","embeddable":true,"href":"https:\/\/www.compass-mints.com\/de\/wp-json\/wp\/v2\/product_tag?post=1264"}],"curies":[{"name":"wp","href":"https:\/\/api.w.org\/{rel}","templated":true}]}}