{"id":56423,"date":"2022-02-28T10:40:04","date_gmt":"2022-02-28T09:40:04","guid":{"rendered":"https:\/\/www.powermints.at\/?page_id=56423"},"modified":"2024-03-28T21:12:41","modified_gmt":"2024-03-28T20:12:41","slug":"datenschutzerklaerung","status":"publish","type":"page","link":"https:\/\/www.compass-mints.com\/de\/datenschutzerklaerung\/","title":{"rendered":"Datenschutzerkl\u00e4rung"},"content":{"rendered":"<h3 class=\"wp-block-heading\">Datenschutzerkl\u00e4rung<\/h3><p>Sie erreichen uns unter folgenden Kontaktdaten:<br>Telefon: +49 5224 9888 -0<br>Telefax: +49 5224 9888-99<br>E-Mail: info@powermints.de<\/p><p><strong>Nachfolgend finden Sie Informationen, welche Daten w\u00e4hrend Ihres Besuchs auf unserer Webseite erfasst und wie diese genutzt werden. Die Daten werden im Rahmen der gesetzlichen Vorschriften gesch\u00fctzt.<\/strong><\/p><p><strong>Auf dieser Webseite werden Cookies f\u00fcr ein besseres Surferlebnis verwendet, um Inhalte und Anzeigen zu personalisieren, um Funktionen f\u00fcr soziale Medien anbieten zu k\u00f6nnen und die Zugriffe auf die Webseite zu analysieren.<\/strong><\/p><h3 class=\"wp-block-heading\">Grunds\u00e4tzliche Angaben zur Datenverarbeitung<\/h3><p>Wir erheben, verarbeiten und nutzen personenbezogene Daten der User unter Einhaltung der vorgeschriebenen Datenschutzbestimmungen. Das hei\u00dft, die Daten der Nutzer werden nur lt&nbsp; gesetzlicher Erlaubnis oder dem Vorliegen einer Einwilligung verwendet.<br>Wir treffen organisatorische, vertragliche und technische Sicherheitsma\u00dfnahmen entsprechend dem Stand der Technik, um sicher zu stellen, dass die Vorschriften der Datenschutzgesetze eingehalten werden und um damit die durch uns verwalteten Daten gegen zuf\u00e4llige oder vors\u00e4tzliche Manipulationen, Verlust, Zerst\u00f6rung oder gegen den Zugriff unberechtigter Personen zu sch\u00fctzen.<\/p><h3 class=\"wp-block-heading\">Personenbezogene Daten<\/h3><p>Die personenbezogenen Daten der Nutzer werden f\u00fcr die Ausf\u00fchrung unserer Dienste-, Service- und Nutzerleistungen verwendet. Wenn Sie beispielsweise mit uns per Kontaktformular Kontakt aufnehmen, werden die Angaben zwecks Bearbeitung der Anfrage sowie f\u00fcr den Fall, dass Anschlussfragen entstehen, gespeichert. Die personenbezogenen Daten werden gel\u00f6scht, sofern sie nicht mehr erforderlich sind oder der L\u00f6schung keine gesetzlichen Aufbewahrungspflichten entgegen stehen.<\/p><h3 class=\"wp-block-heading\">Zugriffsdaten<\/h3><p>Personenbezogene Daten werden von uns nur im technisch notwendigen Umfang erhoben z.B. Name der abgerufenen Datei, Datum und Uhrzeit des Abrufs, \u00fcbertragene Datenmenge, Meldung \u00fcber erfolgreichen Abruf, Browsertyp nebst Version, das Betriebssystem des Nutzers, Referrer URL (die zuvor besuchte Seite) und der anfragende Provider. Diese Daten werden von uns nicht bestimmten Personen zugeordnet und auch nicht mit Daten aus anderen Datenquellen zusammengef\u00fchrt.<\/p><p>Falls die M\u00f6glichkeit zur Eingabe pers\u00f6nlicher oder gesch\u00e4ftlicher Daten (Emailadressen, Namen, Anschriften z.B. im Kontaktformular) besteht, so erfolgt die Preisgabe dieser Daten seitens des Nutzers auf ausdr\u00fccklich freiwilliger Basis. Die Inanspruchnahme und Bezahlung aller angebotenen Dienste ist \u2013 soweit technisch m\u00f6glich und zumutbar \u2013 auch ohne Angabe solcher Daten bzw. unter Angabe anonymisierter Daten oder eines Pseudonyms gestattet.<\/p><h3 class=\"wp-block-heading\">Kommentare im Blog<\/h3><p>Wenn Sie einen Kommentar zu einem Blogartikel schreiben, wird Ihre IP-Adresse gespeichert. Das erfolgt zu unserer Sicherheit, falls jemand in Kommentaren widerrechtliche Inhalte schreibt (Beleidigungen, verbotene politische Propaganda, etc.). In diesem Fall k\u00f6nnten wir selbst f\u00fcr den Kommentar belangt werden und sind daher an der Identit\u00e4t des Kommentarverfassers interessiert. Diese Kommentar-IP-Adressen werden jedoch gel\u00f6scht, sobald wir die Kommentare gelesen haben. Das erfolgt in der Regel innerhalb weniger Stunden. Wir behalten uns auch vor, Kommentare zu l\u00f6schen oder nicht zu ver\u00f6ffentlichen. Ein Kommentar spiegelt immer die Meinung des jeweiligen Verfassers wieder.<\/p><p>Die Nachfolgekommentare k\u00f6nnen manchmal auch abonniert werden. Sie erhalten dann eine Best\u00e4tigungsemail, um zu \u00fcberpr\u00fcfen, ob Sie der Inhaber der eingegebenen Emailadresse sind. Sie k\u00f6nnen laufende Kommentarabonnements jederzeit wieder abbestellen. Die Best\u00e4tigungsemail wird Hinweise dazu enthalten.&nbsp;Bei der Anmeldung und deren Best\u00e4tigung werden die IP-Adresse mit dem Zeitpunkt gespeichert, um im Zweifelsfall die Anmeldung nachweisen zu k\u00f6nnen.<\/p><h3 class=\"wp-block-heading\">Artikelabonnement in Blog<\/h3><p>Wenn Sie ein Artikelabonnement in einem Blog machen, wird ihre Emailadresse f\u00fcr keinen anderen Zweck verwendet, als f\u00fcr die Zusendung der Artikel. Sie k\u00f6nnen das Abonnement jederzeit abbestellen (email an uns bzw. im Best\u00e4tigungsemail werden die dazu notwenigen Schritte genau beschrieben).&nbsp;&nbsp;Bei der Anmeldung und deren Best\u00e4tigung werden die IP-Adresse mit dem Zeitpunkt gespeichert, um im Zweifelsfall die Anmeldung nachweisen zu k\u00f6nnen.<\/p><h3 class=\"wp-block-heading\">Rechtswirksamkeit des Haftungsausschlusses<\/h3><p>Der Haftungsausschluss ist als Teil des Internetangebotes zu betrachten, von dem aus auf diese Seite verwiesen wurde. Sofern Teile oder einzelne Formulierungen dieses Textes der geltenden Rechtslage nicht, nicht mehr oder nicht vollst\u00e4ndig entsprechen sollten, bleiben die \u00fcbrigen Teile des Dokumentes in ihrem Inhalt und ihrer G\u00fcltigkeit davon unber\u00fchrt.<\/p><h3 class=\"wp-block-heading\">Cookies<\/h3><p>Damit unsere Webseite wunschgem\u00e4\u00df funktioniert, legen wir manchmal kleine Dateien \u2013 sogenannte Cookies \u2013 auf Ihrem Ger\u00e4t ab. Das ist bei den meisten Websites \u00fcblich.<\/p><p>Die Cookie-Einstellungen auf dieser Website sind auf \u201eCookies zulassen\u201c eingestellt, um das beste Surferlebnis zu erm\u00f6glichen. Die Webseite verwendet Cookies, um Inhalte und Anzeigen zu personalisieren, Funktionen f\u00fcr soziale Medien anbieten zu k\u00f6nnen und die Zugriffe auf unsere Webseite zu analysieren.<\/p><h4 class=\"wp-block-heading\">Was sind Cookies?<\/h4><p>Cookies sind kleine Dateien, die \u00fcber Ihren Browser auf Ihrem Computer, Tablet, Smartphone etc. gespeichert werden. Cookies erleichtern Ihrem Browser die Navigation auf einer Website. So werden z.B. bestimmte Eingaben und Einstellungen (z.&nbsp;B. Login, Sprache, Schriftgr\u00f6\u00dfe und andere Anzeigepr\u00e4ferenzen) \u00fcber einen bestimmten Zeitraum \u201egemerkt\u201c, und Sie brauchen diese nicht bei jedem weiteren Besuch und beim Navigieren erneut vorzunehmen. Das Cookie selbst kann keine auf Ihrem Computer bzw. in Ihren Dateien gespeicherten Informationen sammeln. Wenn ein Server \u00fcber den Webbrowser Cookies abrufen kann, erm\u00f6glicht dies einen nutzerfreundlicheren Service.<\/p><p>Die Aktivierung dieser Cookies ist f\u00fcr die Nutzung der Website nicht zwingend erforderlich, allerdings verbessern sie Ihr Nutzererlebnis. Selbstverst\u00e4ndlich k\u00f6nnen Sie die Cookies l\u00f6schen oder blockieren. In diesem Fall k\u00f6nnen Sie jedoch m\u00f6glicherweise nicht alle Funktionen dieser Website wie beabsichtigt nutzen. Die von Cookies erhobenen Daten werden nicht dazu verwendet, um Ihre Identit\u00e4t zu entschl\u00fcsseln.<\/p><h4 class=\"wp-block-heading\">Kontrolle \u00fcber Cookies<\/h4><p>Sie k\u00f6nnen Cookies nach Belieben <strong>steuern und\/oder l\u00f6schen<\/strong>. Dies k\u00f6nnen Sie auch unter <a href=\"http:\/\/www.allaboutcookies.org\">AllAboutCookies.org<\/a> nachlesen. Alle auf Ihrem Rechner abgelegten Cookies k\u00f6nnen gel\u00f6scht werden und die meisten Browser k\u00f6nnen auch so einstellt werden, dass die Ablage von Cookies verhindert wird. Dann m\u00fcssen Sie aber m\u00f6glicherweise einige Einstellungen bei jedem Besuch einer Seite manuell vornehmen und die Beeintr\u00e4chtigung mancher Funktionen in Kauf nehmen.&nbsp;N\u00e4here Informationen dazu finden Sie im Hilfebereich Ihres Browsers. Bitte beachten Sie, dass die meisten Browser Cookies automatisch zulassen. Wenn Sie also nicht m\u00f6chten, dass Cookies zum Einsatz kommen, m\u00fcssen Sie Cookies aktiv l\u00f6schen bzw. blockieren.<\/p><h4 class=\"wp-block-heading\">Warum setzen wir Cookies ein?<\/h4><p>Cookies helfen uns, Ihr Nutzererlebnis beim Besuch unserer Website zu verbessern. Cookies merken sich, welchen Browser Sie nutzen und welche zus\u00e4tzliche Browsersoftware Sie installiert haben. Zudem enthalten sie Informationen zu Ihren Einstellungen und Pr\u00e4ferenzen (z. B. Sprache und Land). Cookies erm\u00f6glichen auch, dass Sie Seiten bewerten und Formulare ausf\u00fcllen k\u00f6nnen. Wir setzen Cookies ein, um mehr dar\u00fcber zu erfahren, wie Sie mit unseren Inhalten interagieren.<br>Einige der von uns eingesetzten Cookies sind so genannte Session Cookies. Sie erl\u00f6schen automatisch, wenn Sie Ihren Browser schlie\u00dfen. Daneben gibt es noch dauerhafte Cookies, die f\u00fcr einen l\u00e4ngeren Zeitraum auf Ihrem Computer gespeichert werden. Weitere Informationen zu den verschiedenen Arten von Cookies, die evtl. bei uns zum Einsatz kommen, erhalten Sie hier:<\/p><h4 class=\"wp-block-heading\">Session Cookies<\/h4><p>Diese Cookies speichern Informationen zur Session eines Nutzers. Webseiten haben keinen Speicher. Durch Session Cookies k\u00f6nnen die Betreiber einer Website die Bewegungen der Nutzer auf der besuchten Website erfassen. Dadurch m\u00fcssen Nutzerinformationen, die bereits an die Website gesendet wurden, nicht noch einmal \u00fcbermittelt werden. Session Cookies werden mit dem Schlie\u00dfen des Browsers gel\u00f6scht.<\/p><h4 class=\"wp-block-heading\">Preference Cookies<\/h4><p>Bei dem Besuch einer Website speichern diese Cookies Informationen \u00fcber den verwendeten Browser sowie \u00fcber zus\u00e4tzlich installierte Browser-Software. Dar\u00fcber hinaus speichern diese Cookies die Einstellungen und Pr\u00e4ferenzen, die bei der Personalisierung einer Website vorgenommen wurden (z. B. Land, Sprache oder Schriftarten). Diese Einstellungen und Pr\u00e4ferenzen werden in Verbindung mit dauerhaften Cookies gespeichert und m\u00fcssen beim n\u00e4chsten Besuch der Website durch den Nutzer nicht erneut gesetzt werden.<\/p><h4 class=\"wp-block-heading\">Rating Cookies<\/h4><p>\u00dcber diese dauerhaften Cookies kann ein Nutzer bewerten, wie sehr ihm eine Webseite gef\u00e4llt. Rating Cookies werden verwendet, um die aktuelle Nutzerbewertung der Seite zu speichern und um zu verhindern, dass Nutzer eine Seite mehrmals bewerten.<\/p><h4 class=\"wp-block-heading\">Voting Cookies<\/h4><p>Diese dauerhaften Cookies gew\u00e4hrleisten, dass Nutzer nur einmal an einer Abstimmung teilnehmen k\u00f6nnen.<\/p><h4 class=\"wp-block-heading\">Formular Cookies<\/h4><p>Anhand dieser Cookies werden Informationen gespeichert, die ein Nutzer beim Ausf\u00fcllen von Formularen bereitstellt. Die gespeicherten Daten werden ausschlie\u00dflich dazu verwendet, die Eingaben im Formular wiederherzustellen, wenn der Nutzer zu der jeweiligen Seite zur\u00fcckkehrt.<\/p><h4 class=\"wp-block-heading\">Analytische Cookies<\/h4><p>Analytische Cookies sollten uns zeigen, wie Sie sich auf einer Homepage bewegen. Diese Art von Cookies sammelt Informationen dar\u00fcber, wie Besucher unsere Website nutzen, von wo aus sie zu unserer Website gelangt sind, wie oft ein Nutzer unsere Seite besucht und wie lange ein Besuch dauert. Bei diesen Informationen werden keine nutzerspezifischen Angaben erfasst und es werden auch keinerlei Nutzungsstatistiken auf aggregierter Ebene erstellt. Wir verwenden dazu Google Analytics, einen Webanalysedienst von Google.<\/p><h3 class=\"wp-block-heading\">Einbindung von Diensten und Inhalten Dritter<\/h3><p>Es kann vorkommen, dass innerhalb dieses Onlineangebotes Inhalte Dritter, wie zum Beispiel Videos von YouTube, Kartenmaterial von Google-Maps, RSS-Feeds oder Grafiken von anderen Webseiten eingebunden werden. Dies setzt immer voraus, dass die Anbieter dieser Inhalte (nachfolgend bezeichnet als \u201eDritt-Anbieter\u201c) die IP-Adresse der Nutzer wahrnehmen. Denn ohne die IP-Adresse, k\u00f6nnten sie die Inhalte nicht an den Browser des jeweiligen Nutzers senden. Die IP-Adresse ist damit f\u00fcr die Darstellung dieser Inhalte erforderlich. Wir bem\u00fchen uns nur solche Inhalte zu verwenden, deren jeweilige Anbieter die IP-Adresse lediglich zur Auslieferung der Inhalte verwenden. Jedoch haben wir keinen Einfluss darauf, falls die Dritt-Anbieter die IP-Adresse z.B. f\u00fcr statistische Zwecke speichern. Soweit dies uns bekannt ist, kl\u00e4ren wir die Nutzer dar\u00fcber auf. Siehe dazu die Information nachfolgend.<\/p><h3 class=\"wp-block-heading\">Jetpack\/ WordPress.com-Stats<\/h3><p>Diese Website benutzt WordPress.com-Stats, ein Tool zur statistischen Auswertung der Besucherzugriffe, betrieben von Automattic, Inc. 132 Hawthorne Street San Francisco, CA 94107, USA, unter Einsatz der Trackingtechnologie von Quantcast Inc., 201 3rd St, Floor 2, San Francisco, CA 94103-3153, USA. WordPress.com-Stats verwendet sog. \u201eCookies\u201c, Textdateien, die auf Ihrem Computer gespeichert werden und die eine Analyse der Benutzung der Website durch Sie erm\u00f6glichen.<\/p><p>Die durch den Cookie erzeugten Informationen \u00fcber Ihre Benutzung dieses Internetangebotes werden auf einem Server in den USA gespeichert. Die IP-Adresse wird vor deren Speicherung anonymisiert. Sie k\u00f6nnen die Installation der Cookies durch eine entsprechende Einstellung Ihrer Browser Software verhindern; wir weisen Sie jedoch darauf hin, dass Sie in diesem Fall gegebenenfalls nicht s\u00e4mtliche Funktionen dieser Website vollumf\u00e4nglich nutzen k\u00f6nnen.<\/p><p>Sie k\u00f6nnen der Erhebung und Nutzung der Daten durch Quantcast mit Wirkung f\u00fcr die Zukunft widersprechen, indem Sie an dieser Stelle durch einen Klick auf den Link \u201eClick here to opt-out\u201c ein Opt-Out-Cookie in Ihrem Browser setzen:&nbsp;<a href=\"http:\/\/www.quantcast.com\/opt-out\">http:\/\/www.quantcast.com\/opt-out<\/a>.<\/p><p>Sollten Sie alle Cookies auf Ihrem Rechner l\u00f6schen, m\u00fcssen Sie das Opt-Out-Cookie erneut setzen.<\/p><h3 class=\"wp-block-heading\">YouTube<\/h3><p>Auf dieser Webseite werden evtl. Videos von YouTube eingebettet oder es werden Links zu Videos auf YouTube zur Verf\u00fcgung gestellt. Das bedeutet, dass Sie auf Cookies dieser Websites sto\u00dfen k\u00f6nnen, wenn Sie eine Seite mit eingebetteten YouTube-Inhalten bzw. Seiten mit Links zu YouTube besuchen. Mehr Informationen dazu finden Sie in der Datenschutzrichtlinie von YouTube:<br><a href=\"http:\/\/www.youtube.com\/t\/privacy_at_youtube\">http:\/\/www.youtube.com\/t\/privacy_at_youtube<\/a><\/p><p>Facebook \/ Social PlugIns<\/p><p>Unser Internetauftritt verwendet Social Plugins (\u201ePlugins\u201d) des sozialen Netzwerkes facebook.com, welches von der Facebook Inc., 1601 South California Avenue, Palo Alto, CA 94304, USA betrieben wird (\u201eFacebook\u201d). Die Plugins sind an einem der Facebook Logos erkennbar (wei\u00dfes \u201ef\u201c oder ein \u201eDaumen hoch\u201c-Zeichen) oder sind mit dem Zusatz&nbsp;\u201eFacebook Social Plugin\u201d gekennzeichnet.<\/p><p>Bei jedem Aufruf einer Webseite unserer Internetpr\u00e4senz, die mit einem solchen Plugin versehen ist, veranlasst das Plugin, dass der von Ihnen verwendete Browser die optische Darstellung des Plugins vom Facebook-Server l\u00e4dt und darstellt. Dabei wird dem Facebook-Server mitgeteilt, welche bestimmte Webseite unserer Internetpr\u00e4senz Sie gerade besuchen sowie weitere Daten wie Ihre IP-Adresse \u00fcbermittelt.<\/p><p>Das Plugin erm\u00f6glicht eine direkte Verbindung zwischen dem Browser des Nutzers und dem Facebook- bzw. Google-Server. Facebook bzw. Google ermitteln so Informationen (insbesondere Datum und Uhrzeit des Website-Aufrufs und sonstige browserbezogene Informationen) des Nutzers auf der Website. Wenn der Nutzer den Facebook \u201eLike-Button\u201c bzw. den Google \u201e+1-Button\u201c anklickt w\u00e4hrend der Nutzer in seinem Facebook-Account bzw Google-Account eingeloggt ist, ist es Facebook bzw. Google weiters m\u00f6glich, den Besuch auf der Website dem Profil des Nutzers zuzuordnen.<\/p><p>Durch die Aktivierung des Plugins erh\u00e4lt Facebook die Information, dass Sie die entsprechende Seite unseres Internetauftritts aufgerufen haben. Sind Sie bei Facebook eingeloggt, kann Facebook den Besuch Ihrem Facebook-Konto zuordnen. Wenn Sie mit den Plugins interagieren, zum Beispiel den \u201eGef\u00e4llt mir\u201c-Button bet\u00e4tigen oder einen Kommentar abgeben, wird die entsprechende Information von Ihrem Browser direkt an Facebook \u00fcbermittelt und dort gespeichert. Falls Sie kein Mitglied von Facebook sind, besteht nach Anklicken des Facebook Hinweises ebenso die M\u00f6glichkeit, dass Facebook Ihre IP-Adresse erhebt und speichert.<\/p><p>Zweck und Umfang der Datenerhebung und die weitere Verarbeitung und Nutzung der Daten durch Facebook sowie Ihre diesbez\u00fcglichen Rechte und Einstellungsm\u00f6glichkeiten zum Schutz Ihrer Privatsph\u00e4re entnehmen Sie bitte den <a href=\"http:\/\/www.facebook.com\/policy.php\">Datenschutzhinweisen von Facebook<\/a>.<\/p><p>Wenn Sie Facebookmitglied sind und nicht m\u00f6chten, dass Facebook \u00fcber unseren Internetauftritt Daten \u00fcber Sie sammelt und mit Ihren bei Facebook gespeicherten Mitgliedsdaten verkn\u00fcpft, m\u00fcssen Sie sich vor Ihrem Besuch unseres Internetauftritts bei Facebook ausloggen. Weitere Einstellungen und Widerspr\u00fcche zur Nutzung von Daten f\u00fcr Werbezwecke, sind innerhalb der Facebook-Profileinstellungen m\u00f6glich: <a href=\"https:\/\/www.facebook.com\/settings?tab=ads\">https:\/\/www.facebook.com\/settings?tab=ads<\/a>.<\/p><p>Ebenfalls ist es m\u00f6glich, Facebook-Social-Plugins mit Erweiterungen f\u00fcr Ihren Browser zu blocken (Add-ons f\u00fcr Ihren Browser z.B. \u201cFacebook Blocker\u201c).<\/p><p>Mit Besuch der Website erkl\u00e4ren Sie sich mit einer derartigen Verwendung ihrer Nutzer-Informationen ausdr\u00fccklich einverstanden.<\/p><h3 class=\"wp-block-heading\">Twitter<\/h3><p>Dieses Angebot nutzt die <a href=\"https:\/\/twitter.com\/about\/resources\/buttons\">Schaltfl\u00e4chen des Dienstes Twitter<\/a>. Diese Schaltfl\u00e4chen werden angeboten durch die Twitter Inc., 795 Folsom St., Suite 600, San Francisco, CA 94107, USA. Sie sind an Begriffen wie \u201eTwitter\u201c oder \u201eFolge\u201c, verbunden mit einem stillisierten blauen Vogel erkennbar. Mit Hilfe der Schaltfl\u00e4chen ist es m\u00f6glich einen Beitrag oder Seite dieses Angebotes bei Twitter zu teilen oder dem Anbieter bei Twitter zu folgen.<\/p><p>Wenn ein Nutzer eine Webseite dieses Internetauftritts aufruft, die einen solchen Button enth\u00e4lt, baut sein Browser eine direkte Verbindung mit den Servern von Twitter auf. Der Inhalt des Twitter-Schaltfl\u00e4chen wird von Twitter direkt an den Browser des Nutzers \u00fcbermittelt. Der Anbieter hat daher keinen Einfluss auf den Umfang der Daten, die Twitter mit Hilfe dieses Plugins erhebt und informiert die Nutzer entsprechend seinem Kenntnisstand. Nach diesem wird lediglich die IP-Adresse des Nutzers die URL der jeweiligen Webseite beim Bezug des Buttons mit \u00fcbermittelt, aber nicht f\u00fcr andere Zwecke, als die Darstellung des Buttons, genutzt.<br>Weitere Informationen hierzu finden sich in der Datenschutzerkl\u00e4rung von Twitter unter http:\/\/twitter.com\/privacy.<\/p><h3 class=\"wp-block-heading\">E-Mail-, Feedback- und Forum-Service<\/h3><p>F\u00fcr den Fall, dass diese Webseite E-Mail-, Forum- oder Feedback-Service anbietet, werden wir die von Ihnen \u00fcbermittelten Daten im erforderlichen Umfang f\u00fcr diesen Service speichern. Eine Nutzung zu Werbezwecken ist ausdr\u00fccklich ausgeschlossen, es sei denn, wir haben hierf\u00fcr Ihre Einwilligung, bzw. die gesetzliche Erlaubnis.<\/p><h3 class=\"wp-block-heading\">\u00dcbrige Datenerfassung<\/h3><p>Weitergehende personenbezogene Daten werden nur erfasst, wenn Sie diese Angaben freiwillig, etwa im Rahmen einer Anfrage machen. Soweit Sie uns personenbezogene Daten zur Verf\u00fcgung gestellt haben, verwenden wir diese nur zur Beantwortung Ihrer Anfragen, zur Abwicklung mit Ihnen geschlossener Vertr\u00e4ge und f\u00fcr die technische Administration.<\/p><h3 class=\"wp-block-heading\">Auskunft<\/h3><p>Jeder Nutzer kann jederzeit Auskunft dar\u00fcber verlangen, welche Daten \u00fcber ihn gespeichert sind und zu welchem Zweck diese Speicherung erfolgt. Dar\u00fcber hinaus kann eine Berichtigung unrichtiger Daten oder die L\u00f6schung von Daten verlangt werden, deren Speicherung unzul\u00e4ssig oder nicht mehr erforderlich ist. Auskunft \u00fcber gespeicherte Daten geben wir nach schriftlicher Anfrage.<\/p><h3 class=\"wp-block-heading\"><strong>Weitere Hinweise<\/strong><\/h3><p>Wir sind bem\u00fcht, Ihre personenbezogenen Daten durch Ergreifung aller technischen und organisatorischen M\u00f6glichkeiten so zu speichern, dass sie f\u00fcr Dritte nicht zug\u00e4nglich sind. Bei der Kommunikation per E Mail kann die vollst\u00e4ndige Datensicherheit nicht gew\u00e4hrleistet werden, so dass wir Ihnen bei vertraulichen Informationen den Postweg empfehlen.<\/p><p>Wir und die von uns beauftragten Dienstleistungsunternehmen sind zur Verschwiegenheit und zur Einhaltung der Bestimmungen des Datenschutzes und sonstiger berufsbezogener Datenschutzbestimmungen verpflichtet.<\/p>","protected":false},"excerpt":{"rendered":"<p>Datenschutzerkl\u00e4rung Sie erreichen uns unter folgenden Kontaktdaten:Telefon: +49 5224 9888 -0Telefax: +49 5224 9888-99E-Mail: info@powermints.de Nachfolgend finden Sie Informationen, welche Daten w\u00e4hrend Ihres Besuchs auf unserer Webseite erfasst und wie&#8230;<\/p>\n","protected":false},"author":4,"featured_media":0,"parent":0,"menu_order":0,"comment_status":"closed","ping_status":"closed","template":"","meta":{"footnotes":""},"class_list":["post-56423","page","type-page","status-publish"],"jetpack_sharing_enabled":true,"_links":{"self":[{"href":"https:\/\/www.compass-mints.com\/de\/wp-json\/wp\/v2\/pages\/56423","targetHints":{"allow":["GET"]}}],"collection":[{"href":"https:\/\/www.compass-mints.com\/de\/wp-json\/wp\/v2\/pages"}],"about":[{"href":"https:\/\/www.compass-mints.com\/de\/wp-json\/wp\/v2\/types\/page"}],"author":[{"embeddable":true,"href":"https:\/\/www.compass-mints.com\/de\/wp-json\/wp\/v2\/users\/4"}],"replies":[{"embeddable":true,"href":"https:\/\/www.compass-mints.com\/de\/wp-json\/wp\/v2\/comments?post=56423"}],"version-history":[{"count":0,"href":"https:\/\/www.compass-mints.com\/de\/wp-json\/wp\/v2\/pages\/56423\/revisions"}],"wp:attachment":[{"href":"https:\/\/www.compass-mints.com\/de\/wp-json\/wp\/v2\/media?parent=56423"}],"curies":[{"name":"wp","href":"https:\/\/api.w.org\/{rel}","templated":true}]}}