{"id":1352,"date":"2018-09-20T12:22:57","date_gmt":"2018-09-20T12:22:57","guid":{"rendered":"http:\/\/shop.power-mints.de\/agb\/"},"modified":"2024-03-29T12:16:59","modified_gmt":"2024-03-29T11:16:59","slug":"agb","status":"publish","type":"page","link":"https:\/\/www.compass-mints.com\/de\/agb\/","title":{"rendered":"AGB &#038; Datenschutz"},"content":{"rendered":"[vc_row type=&#8220;in_container&#8220; full_screen_row_position=&#8220;middle&#8220; column_margin=&#8220;default&#8220; column_direction=&#8220;default&#8220; column_direction_tablet=&#8220;default&#8220; column_direction_phone=&#8220;default&#8220; scene_position=&#8220;center&#8220; text_color=&#8220;dark&#8220; text_align=&#8220;left&#8220; row_border_radius=&#8220;none&#8220; row_border_radius_applies=&#8220;bg&#8220; overflow=&#8220;visible&#8220; overlay_strength=&#8220;0.3&#8243; gradient_direction=&#8220;left_to_right&#8220; shape_divider_position=&#8220;bottom&#8220; bg_image_animation=&#8220;none&#8220;][vc_column column_padding=&#8220;no-extra-padding&#8220; column_padding_tablet=&#8220;inherit&#8220; column_padding_phone=&#8220;inherit&#8220; column_padding_position=&#8220;all&#8220; column_element_direction_desktop=&#8220;default&#8220; column_element_spacing=&#8220;default&#8220; desktop_text_alignment=&#8220;default&#8220; tablet_text_alignment=&#8220;default&#8220; phone_text_alignment=&#8220;default&#8220; background_color_opacity=&#8220;1&#8243; background_hover_color_opacity=&#8220;1&#8243; column_backdrop_filter=&#8220;none&#8220; column_shadow=&#8220;none&#8220; column_border_radius=&#8220;none&#8220; column_link_target=&#8220;_self&#8220; column_position=&#8220;default&#8220; gradient_direction=&#8220;left_to_right&#8220; overlay_strength=&#8220;0.3&#8243; width=&#8220;1\/1&#8243; tablet_width_inherit=&#8220;default&#8220; animation_type=&#8220;default&#8220; bg_image_animation=&#8220;none&#8220; border_type=&#8220;simple&#8220; column_border_width=&#8220;none&#8220; column_border_style=&#8220;solid&#8220;][vc_column_text text_direction=&#8220;default&#8220;]\n<h3>Allgemeine Gesch\u00e4ftsbedingungen<\/h3>\n<h4>\u00a7 1 Geltungsbereich, Begriffsbestimmungen<\/h4>\n<p>(1) Diese Allgemeinen Gesch\u00e4ftsbedingungen (im Folgenden \u201eAGB\u201c) gelten f\u00fcr alle \u00fcber unseren shop.powermints.com abrufbaren Onlineshop (im Folgenden \u201eOnlineshop\u201c) geschlossenen Vertr\u00e4ge zwischen uns, der<\/p>\n<p><strong>Powermints GmbH<\/strong><br \/>\n<strong>Im Sundernkamp 7<\/strong><br \/>\n<strong>D-32130 Enger<\/strong><\/p>\n<p>Telefon: +49 (0) 5224 \/9888-0<br \/>\nFax: +49 (0) 05224 \/ 9888-99<br \/>\nE-Mail: info@powermints.de<\/p>\n<p>Gesch\u00e4ftsf\u00fchrer: Sandra Ruhkieck und Jannis Theileis<br \/>\nHandelsregister Amtsgericht Bad Oeynhausen HRB 12318<\/p>\n<p>UST-ID-Nr. DE 815 246 238<\/p>\n<p>(im Folgenden \u201eAnbieter\u201c oder \u201ewir\u201c)<\/p>\n<p>und Ihnen als unserem Kunden (im Folgenden \u201eKunde\u201c oder \u201eSie\u201c), falls Sie bei Vertragsschluss als Verbraucher handeln.<\/p>\n<p>(2) Entgegenstehende oder von diesen AGB abweichende Bedingungen des Kunden erkennt der Anbieter nicht an, es sei denn, wir stimmen ihrer Geltung ausdr\u00fccklich zu. Es gelten auch dann ausschlie\u00dflich diese AGB, wenn der Anbieter in Kenntnis entgegenstehender oder von diesen AGB abweichender Bedingungen des Kunden die Lieferung an den Kunden vorbehaltlos ausf\u00fchrt.<\/p>\n<p>(3) Der Kunde ist Verbraucher, wenn es sich um eine nat\u00fcrliche Person handelt, die zu Zwecken bestellt, die \u00fcberwiegend weder ihrer gewerblichen noch ihrer selbst\u00e4ndigen beruflichen T\u00e4tigkeit zugerechnet werden k\u00f6nnen.<\/p>\n<p>(4) Bestellungen und Lieferungen sind grunds\u00e4tzlich nur an Kunden aus folgenden L\u00e4ndern, in die wir liefern, m\u00f6glich:<\/p>\n<p>Deutschland, Polen, Belgien, D\u00e4nemark, Frankreich, Niederlande, \u00d6sterreich, Schweden, Italien, Vereinigtes K\u00f6nigreich, Bulgarien, Estland, Kroatien, Lettland, Litauen, Luxemburg, Malta, Rum\u00e4nien, Slowakei, Slowenien, Tschechische Republik, Ungarn, Irland, Portugal, Spanien, Finnland.<\/p>\n<h4>\u00a7 2 Vertragsschluss im Onlineshop<\/h4>\n<p>(1) Unsere Produktbeschreibungen und Preisangaben im gesamten Onlineshop (einschlie\u00dflich des virtuellen Warenkorbs des Kunden und der Bestellmaske) sind freibleibend und unverbindlich. Sie stellen eine Aufforderung an den Kunden dar, ein rechtsverbindliches Angebot zum Vertragsschluss abzugeben.<\/p>\n<p>(2) Der Kunde gibt ein rechtsverbindliches Angebot zum Kauf der jeweils in seinem virtuellen Warenkorb befindlichen Waren ab, indem er die Schaltfl\u00e4che \u201eZahlungspflichtig kaufen\u201c anklickt. Wir k\u00f6nnen dieses rechtsverbindliche Angebot des Kunden innerhalb von f\u00fcnf Werktagen ab Zugang annehmen.<\/p>\n<p>(3) Der Onlineshop ist so konfiguriert, dass der Kunde die Schaltfl\u00e4che \u201eZahlungspflichtig bestellen\u201c erst anklicken und dadurch sein rechtsverbindliches Angebot abgeben kann, nachdem er den Button \u201eAGB akzeptieren\u201c angeklickt und dadurch diese AGB anerkannt und in sein rechtsverbindliches Angebot aufgenommen hat. Bevor der Kunde die Schaltfl\u00e4che \u201eZahlungspflichtig bestellen\u201c anklickt, kann er die von ihm eingegebenen Daten jederzeit einsehen, \u00e4ndern und Eingabefehler korrigieren.<\/p>\n<p>(4) Nach Zugang des rechtsverbindlichen Angebots des Kunden beim Anbieter erh\u00e4lt der Kunde per E-Mail eine automatische Empfangsbest\u00e4tigung, welche die Angebotsdaten nochmals auflistet und die der Kunde \u00fcber die Funktion \u201eDrucken\u201c ausdrucken kann. Diese automatische Empfangsbest\u00e4tigung stellt keine rechtsverbindliche Annahmeerkl\u00e4rung des Anbieters dar, durch die er das rechtsverbindliche Angebot des Kunden annimmt, sondern dokumentiert lediglich, dass das rechtsverbindliche Angebot des Kunden dem Anbieter zugegangen ist. Versand und Zugang der automatischen Empfangsbest\u00e4tigung begr\u00fcnden somit keinen Vertragsschluss.<\/p>\n<p>(5) Vorbehaltlich Abs. 6 erkl\u00e4ren wir unsere rechtsverbindliche Annahme des rechtsverbindlichen Kundenangebots, durch die ein Vertrag zwischen Anbieter und Kunde zustande kommt, in einer gesonderten, von der automatischen Empfangsbest\u00e4tigung gem\u00e4\u00df \u00a7 2 (4) unabh\u00e4ngigen E-Mail. Wir k\u00f6nnen die rechtsverbindliche Annahmeerkl\u00e4rung per E-Mail dadurch ersetzen, dass wir die Bestellung innerhalb von f\u00fcnf Werktagen ab ihrem Zugang ausf\u00fchren.<\/p>\n<p>(6) Wir sind nicht verpflichtet, Angebote des Kunden anzunehmen. Insbesondere behalten wir uns vor, Angebote nicht anzunehmen, wenn der Kunde das Bestellformular unvollst\u00e4ndig oder nicht wahrheitsgem\u00e4\u00df ausgef\u00fcllt oder das 18. Lebensjahr nicht vollendet hat oder wenn die Bestellmenge des Kunden haushalts\u00fcbliche Mengen \u00fcberschreitet. Unser Recht, rechtsverbindliche Annahmeerkl\u00e4rungen gegebenenfalls nach den gesetzlichen Vorschriften anzufechten oder von einem geschlossenen Vertrag mit dem Kunden zur\u00fcckzutreten, bleibt unber\u00fchrt.<\/p>\n<h4>\u00a7 3 Lieferung, Lieferverzug<\/h4>\n<p>(1) Verzug des Anbieters tritt nicht ein, wenn Lieferverz\u00f6gerungen auf nicht durch den Anbieter zu vertretenden Umst\u00e4nden, insbesondere auf fehlender Selbstbelieferung, oder auf h\u00f6herer Gewalt (im Folgenden \u201eBehinderung\u201c) beruhen. In diesem Fall verl\u00e4ngert sich die vereinbarte Lieferfrist um die Dauer der Behinderung. Dauert die Behinderung l\u00e4nger als drei Monate, so sind Anbieter und Kunde dazu berechtigt, hinsichtlich des noch nicht erf\u00fcllten Teils vom Vertrag zur\u00fcckzutreten, der Kunde allerdings erst, nachdem er dem Anbieter eine angemessene Nachfrist gesetzt hat.<\/p>\n<h4>\u00a7 4 Eigentumsvorbehalt<\/h4>\n<p>(1) Das Eigentum an den gelieferten Waren verbleibt bis zur vollst\u00e4ndigen Zahlung des Kaufpreises beim Anbieter. Der Kunde ist nicht berechtigt, vor dem \u00dcbergang des Eigentums \u00fcber die unter Eigentumsvorbehalt stehende Waren zu verf\u00fcgen, sie zu verbrauchen, zu verarbeiten oder umzugestalten.<\/p>\n<p>(2) Der Kunde muss die gelieferten Waren bis zur vollst\u00e4ndigen Kaufpreiszahlung k\u00fchl und trocken lagern und pfleglich behandeln.<\/p>\n<p>(3) Der Kunde hat uns unverz\u00fcglich schriftlich zu benachrichtigen, wenn und soweit Zugriffe Dritter auf die unter Eigentumsvorbehalt stehenden Waren erfolgen.<\/p>\n<p>(4) Bei vertragswidrigem Verhalten des Kunden, insbesondere bei Nichtzahlung des f\u00e4lligen Kaufpreises, sind wir berechtigt, nach den gesetzlichen Vorschriften vom Vertrag zur\u00fcckzutreten und die Waren auf Grund des Eigentumsvorbehalts heraus zu verlangen.<\/p>\n<h4>\u00a7 5 Preise und Versandkosten<\/h4>\n<p>(1) Unsere Preise verstehen sich einschlie\u00dflich der jeweils g\u00fcltigen gesetzlichen Umsatzsteuer und zuz\u00fcglich der jeweils anfallenden Versandkosten.<\/p>\n<p>(2) Die jeweiligen Versandkosten werden dem Kunden im Onlineshop unter [LINK] angezeigt und sind vom Kunden zu tragen. Der Preis einschlie\u00dflich Umsatzsteuer und anfallender Versandkosten wird au\u00dferdem in der Bestellmaske angezeigt, bevor Sie die Bestellung absenden.<\/p>\n<p>(3) Sie sind nicht berechtigt, gegen\u00fcber unseren Forderungen aufzurechnen, es sei denn, Ihre Gegenanspr\u00fcche sind rechtskr\u00e4ftig festgestellt oder unbestritten. Sie sind zur Aufrechnung gegen\u00fcber unseren Forderungen auch berechtigt, soweit Sie M\u00e4ngelr\u00fcgen oder Gegenanspr\u00fcche aus demselben Kaufvertrag geltend machen.<\/p>\n<p>(4) Als K\u00e4ufer d\u00fcrfen Sie ein Zur\u00fcckbehaltungsrecht nur dann aus\u00fcben, wenn Ihr Gegenanspruch aus demselben Kaufvertrag herr\u00fchrt.<\/p>\n<h4>\u00a7 6 Zahlung<\/h4>\n<p>(1) Die Zahlung des Kaufpreises ist unmittelbar mit Vertragsschluss f\u00e4llig und hat innerhalb von sieben Kalendertagen nach dem Vertragsschluss bei uns einzugehen.<\/p>\n<p>(2) Der Kunde hat Vorkasse zu leisten, es sei denn es wird ausdr\u00fccklich etwas anderes vereinbart.<\/p>\n<p>(3) Der Kunde kann die Zahlung gem\u00e4\u00df den jeweils im Onlineshop vorgesehenen Zahlungsmethoden vornehmen. Wir behalten uns vor, bei Vorliegen sachlicher Gr\u00fcnde bestimmte Zahlungsmethoden nicht zu akzeptieren. Der Kunde hat keinen Anspruch auf eine bestimmte Zahlungsmethode.<\/p>\n<h4>\u00a7 7 Haftung<\/h4>\n<p>(1) Der Anbieter haftet nur f\u00fcr Sch\u00e4den, die auf einer vors\u00e4tzlichen oder grob fahrl\u00e4ssigen Pflichtverletzung oder auf Arglist des Anbieters, seiner gesetzlichen Vertreter oder seiner Erf\u00fcllungsgehilfen beruhen.<\/p>\n<p>(2) Dar\u00fcber hinaus haftet der Anbieter auch f\u00fcr Sch\u00e4den, die durch einfache Fahrl\u00e4ssigkeit verursacht werden, soweit die Fahrl\u00e4ssigkeit die Verletzung solcher wesentlicher Vertragspflichten betrifft, deren Erf\u00fcllung die ordnungsgem\u00e4\u00dfe Durchf\u00fchrung des Vertrags \u00fcberhaupt erst erm\u00f6glicht und auf deren Einhaltung der Besteller regelm\u00e4\u00dfig vertrauen darf (Kardinalpflichten). In diesem Fall ist die Haftung aber auf den vorhersehbaren, typischerweise eintretenden Schaden begrenzt.<\/p>\n<p>(3) Weiterhin haftet der Anbieter uneingeschr\u00e4nkt f\u00fcr von ihm zu vertretende Sch\u00e4den an Leben, K\u00f6rper und Gesundheit, die auf einer fahrl\u00e4ssigen oder vors\u00e4tzlichen Pflichtverletzung beruhen. Ferner haftet der Anbieter, soweit er bez\u00fcglich der Ware eine Beschaffenheits- oder Haltbarkeitsgarantie abgegeben hat, im Rahmen dieser Garantie.<\/p>\n<p>(4) Eine weitergehende vertragliche oder gesetzliche Haftung des Anbieters ist \u2013 soweit sie nicht gesetzlich zwingend vorgeschrieben ist, beispielsweise durch das Produkthaftungsgesetz \u2013 ohne R\u00fccksicht auf die Rechtsnatur des geltend gemachten Anspruchs ausgeschlossen.<\/p>\n<p>(5) Soweit die Haftung des Anbieters ausgeschlossen oder beschr\u00e4nkt ist, gilt dies auch f\u00fcr die pers\u00f6nliche Haftung seiner Angestellten, Arbeitnehmer, Mitarbeiter, Vertreter und Erf\u00fcllungsgehilfen sowie seine Haftung f\u00fcr deren Verhalten.<\/p>\n<h4>\u00a7 8 Gew\u00e4hrleistung<\/h4>\n<p>Der Anbieter haftet f\u00fcr Sach- oder Rechtsm\u00e4ngel gelieferter Waren nach den geltenden gesetzlichen Vorschriften, insbesondere \u00a7\u00a7 434 ff. BGB. Die Verj\u00e4hrungsfrist f\u00fcr gesetzliche M\u00e4ngelanspr\u00fcche betr\u00e4gt zwei Jahre und beginnt mit der Ablieferung der Ware.<\/p>\n<h4>\u00a7 9 Widerrufsrecht<\/h4>\n<p>(1) Sie haben das Recht, binnen vierzehn Tagen ohne Angabe von Gr\u00fcnden diesen Vertrag zu widerrufen. Die Widerrufsfrist betr\u00e4gt vierzehn Tage ab dem Tag, an dem Sie oder ein von Ihnen benannter Dritter, der nicht der Bef\u00f6rderer ist, die Waren in Besitz genommen haben bzw. hat. Haben Sie mehrere Waren, die getrennt geliefert werden, im Rahmen einer einheitlichen Bestellung bestellt, beginnt die Widerrufsfrist an dem Tag, an dem Sie oder ein von Ihnen benannter Dritter, der nicht der Bef\u00f6rderer ist, die letzte Ware in Besitz genommen haben bzw. hat.<\/p>\n<p>Um Ihr Widerrufsrecht auszu\u00fcben, m\u00fcssen Sie uns (Powermints GmbH, Im Sundernkamp 7, D-32130 Enger, Telefon: +49 (0) 5224\/9888 -0, Fax: +49 (0) 5224 \/ 9888 &#8211; 99, E-Mail: info@powermints.de) mittels einer eindeutigen Erkl\u00e4rung (z.B. ein mit der Post versandter Brief, Telefax oder E-Mail) \u00fcber Ihren Entschluss, diesen Vertrag zu widerrufen, informieren. Sie k\u00f6nnen daf\u00fcr unser Muster-Widerrufsformular verwenden, das jedoch nicht vorgeschrieben ist.<\/p>\n<p>Zur Wahrung der Widerrufsfrist reicht es aus, dass Sie die Mitteilung \u00fcber die Aus\u00fcbung des Widerrufsrechts vor Ablauf der Widerrufsfrist absenden. Folgen des Widerrufs Wenn Sie diesen Vertrag widerrufen, haben wir Ihnen alle Zahlungen, die wir von Ihnen erhalten haben, einschlie\u00dflich der Lieferkosten (mit Ausnahme der zus\u00e4tzlichen Kosten, die sich daraus ergeben, dass Sie eine andere Art der Lieferung als die von uns angebotene, g\u00fcnstigste Standardlieferung gew\u00e4hlt haben), unverz\u00fcglich und sp\u00e4testens binnen vierzehn Tagen ab dem Tag zur\u00fcckzuzahlen, an dem die Mitteilung \u00fcber Ihren Widerruf dieses Vertrags bei uns eingegangen ist. F\u00fcr diese R\u00fcckzahlung verwenden wir dasselbe Zahlungsmittel, das Sie bei der urspr\u00fcnglichen Transaktion eingesetzt haben, es sei denn, mit Ihnen wurde ausdr\u00fccklich etwas anderes vereinbart; in keinem Fall werden Ihnen wegen dieser R\u00fcckzahlung Entgelte berechnet.<\/p>\n<p>Sie haben die Waren unverz\u00fcglich und in jedem Fall sp\u00e4testens binnen vierzehn Tagen ab dem Tag, an dem Sie uns \u00fcber den Widerruf dieses Vertrags unterrichten, an uns zur\u00fcckzusenden oder zu \u00fcbergeben. Die Frist ist gewahrt, wenn Sie die Waren vor Ablauf der Frist von vierzehn Tagen absenden. Senden Sie die Ware bitte m\u00f6glichst in Originalverpackung und mit allen Verpackungsbestandteilen an uns zur\u00fcck.<\/p>\n<p>Sie tragen die unmittelbaren Kosten der R\u00fccksendung der Waren.<\/p>\n<p>Sie m\u00fcssen f\u00fcr einen etwaigen Wertverlust der Waren nur aufkommen, wenn dieser Wertverlust auf einen zur Pr\u00fcfung der Beschaffenheit, Eigenschaften und Funktionsweise der Waren nicht notwendigen Umgang mit ihnen zur\u00fcckzuf\u00fchren ist.<\/p>\n<p>\u2014\u2014\u2014\u2014\u2014\u2014\u2014\u2014\u2014\u2014\u2014\u2014\u2014\u2014\u2014\u2014\u2014\u2014\u2014<\/p>\n<p>(2) Das Widerrufsrecht ist ausgeschlossen, soweit es sich um Waren handelt, die nicht vorgefertigt sind und f\u00fcr deren Herstellung eine individuelle Auswahl oder Bestimmung durch Sie ma\u00dfgeblich ist oder die eindeutig auf Ihre pers\u00f6nlichen Bed\u00fcrfnisse zugeschnitten sind. Das Widerrufsrecht ist auch ausgeschlossen bei Waren, die schnell verderben k\u00f6nnen oder deren Verfallsdatum schnell \u00fcberschritten ist sowie bei versiegelten Waren, die aus Gr\u00fcnden des Gesundheitsschutzes oder der Hygiene nicht zur R\u00fcckgabe geeignet sind, wenn ihre Versiegelung nach der Lieferung entfernt wurde.<\/p>\n<p>(3) Machen Sie von Ihrem gesetzlichen Widerrufsrecht Gebrauch (siehe Widerrufsbelehrung), haben Sie die unmittelbaren Kosten der R\u00fccksendung zu tragen.<\/p>\n<h4>\u00a7 10 Hinweise zur Datenverarbeitung<\/h4>\n<p>(1) Wir erheben im Rahmen der Abwicklung von Vertr\u00e4gen Daten des Kunden. Wir beachten dabei die geltenden datenschutzrechtlichen Vorschriften. Ohne Einwilligung des Kunden werden wir Bestands- und Nutzungsdaten des Kunden daher nur erheben, verarbeiten oder nutzen, soweit dies f\u00fcr die Abwicklung des Vertragsverh\u00e4ltnisses oder f\u00fcr die Inanspruchnahme und Abrechnung von Telediensten erforderlich ist.<\/p>\n<p>(2) Ohne die ausdr\u00fcckliche Einwilligung des Kunden werden wir Daten des Kunden entsprechend den gesetzlichen Bestimmungen nicht f\u00fcr Zwecke der Werbung, Markt- oder Meinungsforschung nutzen.<\/p>\n<p>(3) Der Vertragstext wird von uns nicht gespeichert und kann nach Abschluss des Bestellvorganges nicht mehr abgerufen werden. Der Kunde kann seine Bestelldaten einschlie\u00dflich dieser AGB vor dem Abschicken seiner Bestellung ausdrucken und erh\u00e4lt nach der Bestellung eine E-Mail, in welcher die Bestelldaten nochmals aufgef\u00fchrt werden.<\/p>\n<p>(4) Weitere Informationen zum Datenschutz finden Sie in unserer Datenschutzerkl\u00e4rung.<\/p>\n<h4>\u00a7 11 Urheberrechte<\/h4>\n<p>Wir haben an allen Bildern, Filme und Texten, die in unserem Online Shop ver\u00f6ffentlicht werden, Urheberrechte. Eine Verwendung der Bilder, Filme und Texte, ist ohne unsere ausdr\u00fcckliche Zustimmung nicht gestattet.<\/p>\n<h4>\u00a7 12 Individualisierte Dose \u2013 Mein Design<\/h4>\n<p>Powermints GmbH haftet weder f\u00fcr Rechtschreib-, Farbfehler bzw. weitere Fehler in den vom Kunden eingesetzten Texten und Gestaltungen, noch f\u00fcr deren inhaltliche Richtigkeit.<\/p>\n<h4>\u00a7 13 Au\u00dfergerichtliche Streitbeilegung<\/h4>\n<p>(1) Die Europ\u00e4ische Kommission hat eine Plattform zur Online-Streitbeilegung eingerichtet. Diese erreichen Sie unter: <a href=\"https:\/\/ec.europa.eu\/consumers\/odr\">https:\/\/ec.europa.eu\/consumers\/odr<\/a>. Verbraucher k\u00f6nnen die Plattform f\u00fcr die Beilegung ihrer Streitigkeiten nutzen.<\/p>\n<p>(2) Die f\u00fcr Sie zust\u00e4ndige Verbraucherschlichtungsstelle ist: Allgemeine Verbraucherschlichtungsstelle des Zentrums f\u00fcr Schlichtung e. V., Stra\u00dfburger Str. 8, 77694 Kehl, E-Mail:<a href=\"mailto:mail@verbraucher-schlichter.de\"> mail@verbraucher-schlichter.de<\/a>, Telefon: +49 7851 79579 40, Website: https:\/\/www.verbraucher-schlichter.de. Zur Beilegung von Streitigkeiten mit Ihnen werden wir an einem Streitbeilegungsverfahren vor dieser Stelle teilnehmen.<\/p>\n<h4>\u00a7 14 Schlussbestimmungen<\/h4>\n<p>(1) Es gilt deutsches Recht unter Ausschluss des UN-Kaufrechts (CISG). Sollten Sie nicht Ihren Sitz in Deutschland haben, wird die nicht-ausschlie\u00dfliche Gerichtsbarkeit der Gerichte des Sitzes des Anbieters vereinbart. Dies bedeutet, dass Sie Anspr\u00fcche im Zusammenhang mit diesen Verkaufsbedingungen, die sich aus verbrauchersch\u00fctzenden Normen ergeben, wahlweise sowohl in Deutschland als auch in dem EU-Mitgliedsstaat, in dem Sie leben, einreichen k\u00f6nnen.<\/p>\n<p>(2) Die etwaige Unwirksamkeit einzelner Bestimmungen dieser Allgemeinen Gesch\u00e4ftsbedingungen ber\u00fchrt die Wirksamkeit ihrer \u00fcbrigen Bestimmungen nicht.[\/vc_column_text][\/vc_column][\/vc_row]\n","protected":false},"excerpt":{"rendered":"<p>[vc_row type=&#8220;in_container&#8220; full_screen_row_position=&#8220;middle&#8220; column_margin=&#8220;default&#8220; column_direction=&#8220;default&#8220; column_direction_tablet=&#8220;default&#8220; column_direction_phone=&#8220;default&#8220; scene_position=&#8220;center&#8220; text_color=&#8220;dark&#8220; text_align=&#8220;left&#8220; row_border_radius=&#8220;none&#8220; row_border_radius_applies=&#8220;bg&#8220; overflow=&#8220;visible&#8220; overlay_strength=&#8220;0.3&#8243; gradient_direction=&#8220;left_to_right&#8220; shape_divider_position=&#8220;bottom&#8220; bg_image_animation=&#8220;none&#8220;][vc_column column_padding=&#8220;no-extra-padding&#8220; column_padding_tablet=&#8220;inherit&#8220; column_padding_phone=&#8220;inherit&#8220; column_padding_position=&#8220;all&#8220; column_element_direction_desktop=&#8220;default&#8220; column_element_spacing=&#8220;default&#8220; desktop_text_alignment=&#8220;default&#8220; tablet_text_alignment=&#8220;default&#8220; phone_text_alignment=&#8220;default&#8220; background_color_opacity=&#8220;1&#8243; background_hover_color_opacity=&#8220;1&#8243; column_backdrop_filter=&#8220;none&#8220; column_shadow=&#8220;none&#8220;&#8230;<\/p>\n","protected":false},"author":4,"featured_media":0,"parent":0,"menu_order":0,"comment_status":"closed","ping_status":"closed","template":"","meta":{"footnotes":""},"class_list":["post-1352","page","type-page","status-publish"],"jetpack_sharing_enabled":true,"_links":{"self":[{"href":"https:\/\/www.compass-mints.com\/de\/wp-json\/wp\/v2\/pages\/1352","targetHints":{"allow":["GET"]}}],"collection":[{"href":"https:\/\/www.compass-mints.com\/de\/wp-json\/wp\/v2\/pages"}],"about":[{"href":"https:\/\/www.compass-mints.com\/de\/wp-json\/wp\/v2\/types\/page"}],"author":[{"embeddable":true,"href":"https:\/\/www.compass-mints.com\/de\/wp-json\/wp\/v2\/users\/4"}],"replies":[{"embeddable":true,"href":"https:\/\/www.compass-mints.com\/de\/wp-json\/wp\/v2\/comments?post=1352"}],"version-history":[{"count":0,"href":"https:\/\/www.compass-mints.com\/de\/wp-json\/wp\/v2\/pages\/1352\/revisions"}],"wp:attachment":[{"href":"https:\/\/www.compass-mints.com\/de\/wp-json\/wp\/v2\/media?parent=1352"}],"curies":[{"name":"wp","href":"https:\/\/api.w.org\/{rel}","templated":true}]}}